{"id":493,"date":"2020-10-26T05:13:36","date_gmt":"2020-10-26T05:13:36","guid":{"rendered":"http:\/\/rolandritter.com\/?page_id=493"},"modified":"2021-05-18T11:03:41","modified_gmt":"2021-05-18T11:03:41","slug":"contact","status":"publish","type":"page","link":"https:\/\/rolandritter.com\/en\/?page_id=493","title":{"rendered":"Contact"},"content":{"rendered":"<p>[et_pb_section fb_built=&#8221;1&#8243; _builder_version=&#8221;4.6.6&#8243; background_color=&#8221;#000000&#8243; use_background_color_gradient=&#8221;on&#8221; background_color_gradient_start=&#8221;rgba(28,28,28,0)&#8221; background_color_gradient_end=&#8221;#1c1c1c&#8221; background_color_gradient_end_position=&#8221;76%&#8221; background_color_gradient_overlays_image=&#8221;on&#8221; background_enable_image=&#8221;off&#8221; custom_padding=&#8221;18px||3px||false|false&#8221;][et_pb_row _builder_version=&#8221;4.6.6&#8243; _module_preset=&#8221;default&#8221;][et_pb_column type=&#8221;4_4&#8243; _builder_version=&#8221;4.6.6&#8243; _module_preset=&#8221;default&#8221;][et_pb_image src=&#8221;https:\/\/rolandritter.com\/en\/wp-content\/uploads\/2020\/10\/batcavelogo_transparent.png&#8221; alt=&#8221;BATCAVE Publising&#8221; title_text=&#8221;BATCAVE Publising&#8221; align=&#8221;center&#8221; _builder_version=&#8221;4.6.6&#8243; _module_preset=&#8221;default&#8221; width=&#8221;50%&#8221;][\/et_pb_image][\/et_pb_column][\/et_pb_row][et_pb_row column_structure=&#8221;3_5,2_5&#8243; _builder_version=&#8221;4.6.6&#8243; _module_preset=&#8221;default&#8221; custom_padding=&#8221;4px|||||&#8221;][et_pb_column type=&#8221;3_5&#8243; _builder_version=&#8221;4.6.6&#8243; _module_preset=&#8221;default&#8221;][et_pb_text _builder_version=&#8221;4.6.6&#8243; _module_preset=&#8221;default&#8221; custom_padding=&#8221;||0px|||&#8221;]<\/p>\n<h4><span style=\"color: #e22126; font-size: xx-large;\"><strong>BatCave Publishing<\/strong><\/span><\/h4>\n<p><span style=\"font-size: x-large;\"><strong>Plasztik Dzsungel Kft.<\/strong><\/span><\/p>\n<p>Postac\u00edm: <strong>7624 P\u00e9cs, Angster J\u00f3zsef u. 39\/B.<\/strong><\/p>\n<p>Ad\u00f3sz\u00e1m: <strong>13602224-2-02<\/strong><\/p>\n<p><span>Banksz\u00e1mla sz\u00e1m: <\/span><strong>50400113-11074135<\/strong>\u00a0(Takar\u00e9kbank Zrt.)<\/p>\n<p><span>E-mail: <\/span><strong><a href=\"mailto:batcavepublishing@gmail.com\" target=\"_blank\" rel=\"noopener noreferrer\">batcavepublishing@gmail.com<\/a><\/strong><\/p>\n<p>[\/et_pb_text][\/et_pb_column][et_pb_column type=&#8221;2_5&#8243; _builder_version=&#8221;4.6.6&#8243; _module_preset=&#8221;default&#8221;][et_pb_text _builder_version=&#8221;4.6.6&#8243; _module_preset=&#8221;default&#8221;]<\/p>\n<h3><span style=\"color: #e22126;\"><strong>Partnereink:<\/strong><\/span><\/h3>\n<p><strong>S\u00f3v\u00e1rg\u00f3 S\u00f3barlang<\/strong><\/p>\n<p>1119 Budapest, T\u00e9t\u00e9nyi \u00fat 114.<\/p>\n<p><img loading=\"lazy\" src=\"https:\/\/rolandritter.com\/en\/wp-content\/uploads\/2020\/10\/SOVARGO-SOBARLANG-300x169.jpg\" alt=\"SOVARGO SOBARLANG\" class=\"wp-image-522 alignnone size-medium\" width=\"369\" height=\"208\" \/><\/p>\n<p>[\/et_pb_text][\/et_pb_column][\/et_pb_row][\/et_pb_section][et_pb_section fb_built=&#8221;1&#8243; _builder_version=&#8221;4.6.6&#8243; use_background_color_gradient=&#8221;on&#8221; background_color_gradient_start=&#8221;rgba(28,28,28,0)&#8221; background_color_gradient_end=&#8221;rgba(28,28,28,0.97)&#8221; background_color_gradient_type=&#8221;radial&#8221; background_color_gradient_end_position=&#8221;55%&#8221; background_color_gradient_overlays_image=&#8221;on&#8221; background_image=&#8221;https:\/\/rolandritter.com\/en\/wp-content\/uploads\/2020\/10\/htg_konyvek.jpg&#8221; custom_padding=&#8221;33px|0px|33px|0px|true|false&#8221; global_module=&#8221;470&#8243; saved_tabs=&#8221;all&#8221;][et_pb_row _builder_version=&#8221;3.25&#8243; custom_padding=&#8221;14px|0px|4px|0px|false|false&#8221;][et_pb_column type=&#8221;4_4&#8243; _builder_version=&#8221;3.25&#8243; custom_padding=&#8221;|||&#8221; custom_padding__hover=&#8221;|||&#8221;][et_pb_text _builder_version=&#8221;4.9.4&#8243; text_font=&#8221;||||||||&#8221; text_font_size=&#8221;15px&#8221; header_font=&#8221;Rolandritter-specialelite||||||||&#8221; header_text_color=&#8221;#e31e25&#8243; header_font_size=&#8221;50px&#8221; header_line_height=&#8221;1.3em&#8221; hover_enabled=&#8221;0&#8243; header_font_size_tablet=&#8221;&#8221; header_font_size_phone=&#8221;25px&#8221; header_font_size_last_edited=&#8221;on|phone&#8221; sticky_enabled=&#8221;0&#8243;]<\/p>\n<h1 style=\"text-align: center;\">IDT \u2013 Intelligent dinosaur theory<\/h1>\n<p>[\/et_pb_text][\/et_pb_column][\/et_pb_row][et_pb_row column_structure=&#8221;1_3,1_3,1_3&#8243; use_custom_gutter=&#8221;on&#8221; gutter_width=&#8221;2&#8243; padding_left_right_link_1=&#8221;true&#8221; padding_left_right_link_2=&#8221;true&#8221; padding_left_right_link_3=&#8221;true&#8221; padding_left_right_link_4=&#8221;true&#8221; _builder_version=&#8221;4.6.6&#8243; background_size=&#8221;contain&#8221;][et_pb_column type=&#8221;1_3&#8243; _builder_version=&#8221;4.6.6&#8243; use_background_color_gradient=&#8221;on&#8221; background_color_gradient_start=&#8221;rgba(21,22,20,0)&#8221; background_color_gradient_end=&#8221;#232323&#8243; background_color_gradient_overlays_image=&#8221;on&#8221; background_image=&#8221;https:\/\/rolandritter.com\/en\/wp-content\/uploads\/2020\/10\/idt_term_nyomtatott.jpg&#8221; background_size=&#8221;contain&#8221; custom_padding=&#8221;150px|18px|0px|18px|false|false&#8221; custom_padding__hover=&#8221;|||&#8221;][et_pb_text _builder_version=&#8221;4.9.4&#8243; text_font=&#8221;Special Elite|700|||||||&#8221; text_text_color=&#8221;#ffffff&#8221; text_font_size=&#8221;20px&#8221; text_orientation=&#8221;center&#8221; hover_enabled=&#8221;0&#8243; sticky_enabled=&#8221;0&#8243;]<\/p>\n<p><span style=\"font-size: medium;\">Roland Ritter:<\/span><br \/>IDT \u2013 Intelligent dinosaur theory<\/p>\n<p>[\/et_pb_text][et_pb_text _builder_version=&#8221;4.9.3&#8243; text_font=&#8221;Oswald|300||on|||||&#8221; text_text_color=&#8221;#e31e25&#8243; text_font_size=&#8221;30px&#8221; text_orientation=&#8221;center&#8221; custom_padding=&#8221;9px||12px|||&#8221; text_letter_spacing__hover_enabled=&#8221;on&#8221; text_letter_spacing__hover=&#8221;2px&#8221; text_text_color__hover_enabled=&#8221;on&#8221; text_text_color__hover=&#8221;#ffffff&#8221;]<\/p>\n<p><span style=\"color: #ffff99;\"><strong>Printed <\/strong>book<\/span><strong><br \/><\/strong><\/p>\n<p>[\/et_pb_text][et_pb_text _builder_version=&#8221;4.6.6&#8243; text_font=&#8221;Averia Libre||||||||&#8221; text_text_color=&#8221;#9e9e9e&#8221; text_font_size=&#8221;16px&#8221; text_line_height=&#8221;1.8em&#8221; text_orientation=&#8221;center&#8221;]<\/p>\n<p>ISBN 978-615-00-9196-9<\/p>\n<p>[\/et_pb_text][et_pb_button button_url=&#8221;@ET-DC@eyJkeW5hbWljIjp0cnVlLCJjb250ZW50IjoicG9zdF9saW5rX3VybF9wcm9kdWN0Iiwic2V0dGluZ3MiOnsicG9zdF9pZCI6IjYwMCJ9fQ==@&#8221; button_text=&#8221;This interest&#8221; button_alignment=&#8221;center&#8221; _builder_version=&#8221;4.9.3&#8243; _dynamic_attributes=&#8221;button_url&#8221; _module_preset=&#8221;default&#8221; custom_button=&#8221;on&#8221; button_text_size=&#8221;16px&#8221; button_text_color=&#8221;#e91c23&#8243; button_bg_color=&#8221;#d1d1d1&#8243; button_border_width=&#8221;2px&#8221; button_border_color=&#8221;#e91c23&#8243; button_border_radius=&#8221;5px&#8221; button_letter_spacing=&#8221;2px&#8221; button_font=&#8221;|600|on||||||&#8221; button_icon=&#8221;%%28%%&#8221; background_layout=&#8221;dark&#8221; custom_margin=&#8221;0px||0px||false|false&#8221; custom_padding=&#8221;||5px||false|false&#8221; animation_style=&#8221;slide&#8221; animation_direction=&#8221;bottom&#8221; box_shadow_style=&#8221;preset2&#8243;][\/et_pb_button][et_pb_divider color=&#8221;#e31e25&#8243; divider_weight=&#8221;3px&#8221; _builder_version=&#8221;3.19.3&#8243; module_alignment=&#8221;center&#8221; custom_padding=&#8221;43px||&#8221;][\/et_pb_divider][\/et_pb_column][et_pb_column type=&#8221;1_3&#8243; _builder_version=&#8221;4.6.6&#8243; use_background_color_gradient=&#8221;on&#8221; background_color_gradient_start=&#8221;rgba(21,22,20,0)&#8221; background_color_gradient_end=&#8221;#232323&#8243; background_color_gradient_overlays_image=&#8221;on&#8221; background_image=&#8221;https:\/\/rolandritter.com\/en\/wp-content\/uploads\/2020\/10\/idt_term_epub.jpg&#8221; background_size=&#8221;contain&#8221; custom_padding=&#8221;150px|18px|0px|18px|false|false&#8221; custom_padding__hover=&#8221;|||&#8221;][et_pb_text _builder_version=&#8221;4.9.4&#8243; text_font=&#8221;Special Elite|700|||||||&#8221; text_text_color=&#8221;#ffffff&#8221; text_font_size=&#8221;20px&#8221; text_orientation=&#8221;center&#8221; custom_padding=&#8221;||0px|||&#8221; hover_enabled=&#8221;0&#8243; sticky_enabled=&#8221;0&#8243;]<\/p>\n<p><span style=\"font-size: medium;\">Roland Ritter:<\/span><br \/>IDT \u2013 Intelligent dinosaur theory<\/p>\n<p>[\/et_pb_text][et_pb_text _builder_version=&#8221;4.9.3&#8243; text_font=&#8221;Oswald|300||on|||||&#8221; text_text_color=&#8221;#e31e25&#8243; text_font_size=&#8221;30px&#8221; text_orientation=&#8221;center&#8221; custom_padding=&#8221;11px||12px|&#8221; text_letter_spacing__hover_enabled=&#8221;on&#8221; text_letter_spacing__hover=&#8221;2px&#8221; text_text_color__hover_enabled=&#8221;on&#8221; text_text_color__hover=&#8221;#ffffff&#8221;]<\/p>\n<p><span style=\"color: #ffff99;\"><strong>ePUB<\/strong> e-book<\/span><strong><br \/><\/strong><\/p>\n<p>[\/et_pb_text][et_pb_text _builder_version=&#8221;4.6.6&#8243; text_font=&#8221;Averia Libre||||||||&#8221; text_text_color=&#8221;#9e9e9e&#8221; text_font_size=&#8221;16px&#8221; text_line_height=&#8221;1.8em&#8221; text_orientation=&#8221;center&#8221;]<\/p>\n<p>ISBN 978-615-00-9147-1\u00a0<\/p>\n<p>[\/et_pb_text][et_pb_button button_url=&#8221;@ET-DC@eyJkeW5hbWljIjp0cnVlLCJjb250ZW50IjoicG9zdF9saW5rX3VybF9wcm9kdWN0Iiwic2V0dGluZ3MiOnsicG9zdF9pZCI6IjY0MCJ9fQ==@&#8221; button_text=&#8221;This interest&#8221; button_alignment=&#8221;center&#8221; _builder_version=&#8221;4.9.3&#8243; _dynamic_attributes=&#8221;button_url&#8221; _module_preset=&#8221;default&#8221; custom_button=&#8221;on&#8221; button_text_size=&#8221;16px&#8221; button_text_color=&#8221;#e91c23&#8243; button_bg_color=&#8221;#d1d1d1&#8243; button_border_width=&#8221;2px&#8221; button_border_color=&#8221;#e91c23&#8243; button_border_radius=&#8221;5px&#8221; button_letter_spacing=&#8221;2px&#8221; button_font=&#8221;|600|on||||||&#8221; button_icon=&#8221;%%28%%&#8221; background_layout=&#8221;dark&#8221; custom_margin=&#8221;0px||0px||false|false&#8221; custom_padding=&#8221;||||false|false&#8221; animation_style=&#8221;slide&#8221; animation_direction=&#8221;bottom&#8221; box_shadow_style=&#8221;preset2&#8243;][\/et_pb_button][et_pb_divider color=&#8221;#e31e25&#8243; divider_weight=&#8221;3px&#8221; _builder_version=&#8221;3.19.3&#8243; module_alignment=&#8221;center&#8221; custom_padding=&#8221;43px||&#8221;][\/et_pb_divider][\/et_pb_column][et_pb_column type=&#8221;1_3&#8243; _builder_version=&#8221;4.6.6&#8243; use_background_color_gradient=&#8221;on&#8221; background_color_gradient_start=&#8221;rgba(21,22,20,0)&#8221; background_color_gradient_end=&#8221;#232323&#8243; background_color_gradient_overlays_image=&#8221;on&#8221; background_image=&#8221;https:\/\/rolandritter.com\/en\/wp-content\/uploads\/2020\/10\/idt_term_mobi.jpg&#8221; background_size=&#8221;contain&#8221; custom_padding=&#8221;150px|18px|0px|18px|false|false&#8221; custom_padding__hover=&#8221;|||&#8221;][et_pb_text _builder_version=&#8221;4.9.4&#8243; text_font=&#8221;Special Elite|700|||||||&#8221; text_text_color=&#8221;#ffffff&#8221; text_font_size=&#8221;20px&#8221; text_orientation=&#8221;center&#8221; hover_enabled=&#8221;0&#8243; sticky_enabled=&#8221;0&#8243;]<\/p>\n<p><span style=\"font-size: medium;\">Roland Ritter:<\/span><br \/>IDT \u2013 Intelligent dinosaur theory<\/p>\n<p>[\/et_pb_text][et_pb_text _builder_version=&#8221;4.9.3&#8243; text_font=&#8221;Oswald|300||on|||||&#8221; text_text_color=&#8221;#e31e25&#8243; text_font_size=&#8221;30px&#8221; text_orientation=&#8221;center&#8221; custom_padding=&#8221;11px||12px|&#8221; text_letter_spacing__hover_enabled=&#8221;on&#8221; text_letter_spacing__hover=&#8221;2px&#8221; text_text_color__hover_enabled=&#8221;on&#8221; text_text_color__hover=&#8221;#ffffff&#8221;]<\/p>\n<p><span style=\"color: #ffff99;\"><strong>Mobi<\/strong> e-book<\/span><strong><br \/><\/strong><\/p>\n<p>[\/et_pb_text][et_pb_text _builder_version=&#8221;4.6.6&#8243; text_font=&#8221;Averia Libre||||||||&#8221; text_text_color=&#8221;#9e9e9e&#8221; text_font_size=&#8221;16px&#8221; text_line_height=&#8221;1.8em&#8221; text_orientation=&#8221;center&#8221;]<\/p>\n<p>ISBN 978-615-00-9148-8<\/p>\n<p>[\/et_pb_text][et_pb_button button_url=&#8221;@ET-DC@eyJkeW5hbWljIjp0cnVlLCJjb250ZW50IjoicG9zdF9saW5rX3VybF9wcm9kdWN0Iiwic2V0dGluZ3MiOnsicG9zdF9pZCI6IjY0MSJ9fQ==@&#8221; button_text=&#8221;This interest&#8221; button_alignment=&#8221;center&#8221; _builder_version=&#8221;4.9.3&#8243; _dynamic_attributes=&#8221;button_url&#8221; _module_preset=&#8221;default&#8221; custom_button=&#8221;on&#8221; button_text_size=&#8221;16px&#8221; button_text_color=&#8221;#e91c23&#8243; button_bg_color=&#8221;#d1d1d1&#8243; button_border_width=&#8221;2px&#8221; button_border_color=&#8221;#e91c23&#8243; button_border_radius=&#8221;5px&#8221; button_letter_spacing=&#8221;2px&#8221; button_font=&#8221;|600|on||||||&#8221; button_icon=&#8221;%%28%%&#8221; background_layout=&#8221;dark&#8221; custom_margin=&#8221;0px||0px||false|false&#8221; custom_padding=&#8221;||||false|false&#8221; animation_style=&#8221;slide&#8221; animation_direction=&#8221;bottom&#8221; box_shadow_style=&#8221;preset2&#8243;][\/et_pb_button][et_pb_divider color=&#8221;#e31e25&#8243; divider_weight=&#8221;3px&#8221; _builder_version=&#8221;3.19.3&#8243; module_alignment=&#8221;center&#8221; custom_padding=&#8221;43px||&#8221;][\/et_pb_divider][\/et_pb_column][\/et_pb_row][\/et_pb_section][et_pb_section fb_built=&#8221;1&#8243; admin_label=&#8221;H\u00edvjon minket&#8221; _builder_version=&#8221;4.6.6&#8243; background_color=&#8221;#232323&#8243; background_image=&#8221;https:\/\/rolandritter.com\/en\/wp-content\/uploads\/2020\/10\/htg_alul.jpg&#8221; custom_padding=&#8221;59px|0px|145px|0px|false|false&#8221; global_module=&#8221;469&#8243; saved_tabs=&#8221;all&#8221; collapsed=&#8221;off&#8221;][et_pb_row column_structure=&#8221;1_4,1_2,1_4&#8243; make_equal=&#8221;on&#8221; _builder_version=&#8221;3.25&#8243; background_size=&#8221;initial&#8221; background_position=&#8221;top_left&#8221; background_repeat=&#8221;repeat&#8221; max_width=&#8221;1280px&#8221; custom_margin=&#8221;-240px|||&#8221; custom_margin_tablet=&#8221;0px||&#8221; custom_margin_phone=&#8221;0px||&#8221; custom_margin_last_edited=&#8221;on|desktop&#8221; custom_padding=&#8221;|||&#8221; use_custom_width=&#8221;on&#8221; custom_width_px=&#8221;1280px&#8221;][et_pb_column type=&#8221;1_4&#8243; _builder_version=&#8221;3.25&#8243; custom_padding=&#8221;100px|5%|100px|5%&#8221; custom_padding__hover=&#8221;|||&#8221;][\/et_pb_column][et_pb_column type=&#8221;1_2&#8243; _builder_version=&#8221;3.25&#8243; background_color=&#8221;#333333&#8243; custom_padding=&#8221;100px|5%|100px|5%&#8221; custom_padding__hover=&#8221;|||&#8221;][et_pb_text _builder_version=&#8221;4.9.3&#8243; text_font=&#8221;Special Elite||||||||&#8221; text_text_color=&#8221;#e31e25&#8243; text_font_size=&#8221;50px&#8221; text_line_height=&#8221;1.3em&#8221; background_size=&#8221;initial&#8221; background_position=&#8221;top_left&#8221; background_repeat=&#8221;repeat&#8221; text_orientation=&#8221;center&#8221; max_width=&#8221;400px&#8221; module_alignment=&#8221;center&#8221; custom_padding=&#8221;||30px|&#8221; text_font_size_tablet=&#8221;&#8221; text_font_size_phone=&#8221;40px&#8221; text_font_size_last_edited=&#8221;on|desktop&#8221;]<\/p>\n<p>Contact<\/p>\n<p>[\/et_pb_text][et_pb_text _builder_version=&#8221;4.9.3&#8243; text_font=&#8221;Averia Libre|700|||||||&#8221; text_text_color=&#8221;#ffffff&#8221; text_font_size=&#8221;16px&#8221; text_letter_spacing=&#8221;1px&#8221; text_line_height=&#8221;1.8em&#8221; header_font=&#8221;Oswald|300||on|||||&#8221; header_text_color=&#8221;#e31e25&#8243; header_font_size=&#8221;20px&#8221; background_size=&#8221;initial&#8221; background_position=&#8221;top_left&#8221; background_repeat=&#8221;repeat&#8221; text_orientation=&#8221;center&#8221; module_alignment=&#8221;center&#8221; custom_margin=&#8221;|||&#8221; custom_padding=&#8221;17px||4px||false&#8221;]<\/p>\n<h1>Address<\/h1>\n<p><span style=\"font-size: x-large;\"><strong><img loading=\"lazy\" src=\"https:\/\/rolandritter.com\/en\/wp-content\/uploads\/2020\/10\/batcavelogo_transparent100.png\" alt=\"BatCave Publising\" class=\"wp-image-577 alignnone size-full\" width=\"153\" height=\"100\" \/><\/strong><\/span><\/p>\n<p><span style=\"font-size: x-large;\"><strong>BatCave Publishing<\/strong><\/span><br \/>Plasztik Dzsungel Kft.<\/p>\n<p>7624 P\u00e9cs, Angster J\u00f3zsef u. 39\/B.<\/p>\n<p>[\/et_pb_text][et_pb_divider color=&#8221;rgba(255,255,255,0.1)&#8221; divider_weight=&#8221;2px&#8221; disabled_on=&#8221;on|on|off&#8221; _builder_version=&#8221;3.19.3&#8243; max_width=&#8221;400px&#8221; module_alignment=&#8221;center&#8221; height=&#8221;2px&#8221; custom_margin=&#8221;||0px|&#8221; custom_padding=&#8221;|||&#8221;][\/et_pb_divider][et_pb_text _builder_version=&#8221;4.6.6&#8243; text_font=&#8221;Averia Libre|700|||||||&#8221; text_text_color=&#8221;#ffffff&#8221; text_font_size=&#8221;16px&#8221; text_letter_spacing=&#8221;1px&#8221; text_line_height=&#8221;1.8em&#8221; header_font=&#8221;Oswald|300||on|||||&#8221; header_text_color=&#8221;#e31e25&#8243; header_font_size=&#8221;20px&#8221; background_size=&#8221;initial&#8221; background_position=&#8221;top_left&#8221; background_repeat=&#8221;repeat&#8221; text_orientation=&#8221;center&#8221; module_alignment=&#8221;center&#8221; custom_margin=&#8221;|||&#8221; custom_padding=&#8221;40px||4px||false&#8221; locked=&#8221;off&#8221;]<\/p>\n<h1>Email<\/h1>\n<p><span style=\"font-size: x-large;\"><span style=\"font-size: large;\">batcavepublishing@gmail.com<\/span><a href=\"mailto:batcavepublishing@gmail.com\"><\/a><\/span><\/p>\n<p>[\/et_pb_text][\/et_pb_column][et_pb_column type=&#8221;1_4&#8243; _builder_version=&#8221;3.25&#8243; custom_padding=&#8221;|||&#8221; custom_padding__hover=&#8221;|||&#8221;][\/et_pb_column][\/et_pb_row][\/et_pb_section]<\/p>\n","protected":false},"excerpt":{"rendered":"<p>BatCave Publishing Plasztik Dzsungel Kft. Postac\u00edm: 7624 P\u00e9cs, Angster J\u00f3zsef u. 39\/B. Ad\u00f3sz\u00e1m: 13602224-2-02 Banksz\u00e1mla sz\u00e1m: 50400113-11074135\u00a0(Takar\u00e9kbank Zrt.) E-mail: batcavepublishing@gmail.comPartnereink: S\u00f3v\u00e1rg\u00f3 S\u00f3barlang 1119 Budapest, T\u00e9t\u00e9nyi \u00fat 114. IDT \u2013 Intelligent dinosaur theoryRoland Ritter:IDT \u2013 Intelligent dinosaur theoryPrinted bookISBN 978-615-00-9196-9Roland Ritter:IDT \u2013 Intelligent dinosaur theoryePUB e-bookISBN 978-615-00-9147-1\u00a0Roland Ritter:IDT \u2013 Intelligent dinosaur theoryMobi e-bookISBN 978-615-00-9148-8ContactAddress BatCave PublishingPlasztik [&hellip;]<\/p>\n","protected":false},"author":1,"featured_media":0,"parent":0,"menu_order":0,"comment_status":"closed","ping_status":"closed","template":"","meta":{"_et_pb_use_builder":"on","_et_pb_old_content":"","_et_gb_content_width":""},"_links":{"self":[{"href":"https:\/\/rolandritter.com\/en\/index.php?rest_route=\/wp\/v2\/pages\/493"}],"collection":[{"href":"https:\/\/rolandritter.com\/en\/index.php?rest_route=\/wp\/v2\/pages"}],"about":[{"href":"https:\/\/rolandritter.com\/en\/index.php?rest_route=\/wp\/v2\/types\/page"}],"author":[{"embeddable":true,"href":"https:\/\/rolandritter.com\/en\/index.php?rest_route=\/wp\/v2\/users\/1"}],"replies":[{"embeddable":true,"href":"https:\/\/rolandritter.com\/en\/index.php?rest_route=%2Fwp%2Fv2%2Fcomments&post=493"}],"version-history":[{"count":7,"href":"https:\/\/rolandritter.com\/en\/index.php?rest_route=\/wp\/v2\/pages\/493\/revisions"}],"predecessor-version":[{"id":809,"href":"https:\/\/rolandritter.com\/en\/index.php?rest_route=\/wp\/v2\/pages\/493\/revisions\/809"}],"wp:attachment":[{"href":"https:\/\/rolandritter.com\/en\/index.php?rest_route=%2Fwp%2Fv2%2Fmedia&parent=493"}],"curies":[{"name":"wp","href":"https:\/\/api.w.org\/{rel}","templated":true}]}}