{"id":472,"date":"2020-10-26T04:50:13","date_gmt":"2020-10-26T04:50:13","guid":{"rendered":"http:\/\/rolandritter.com\/?page_id=472"},"modified":"2020-10-26T05:34:24","modified_gmt":"2020-10-26T05:34:24","slug":"ars-poetica","status":"publish","type":"page","link":"https:\/\/rolandritter.com\/?page_id=472","title":{"rendered":"Ars Poetica"},"content":{"rendered":"<p>[et_pb_section fb_built=&#8221;1&#8243; _builder_version=&#8221;4.6.6&#8243; background_color=&#8221;#000000&#8243; use_background_color_gradient=&#8221;on&#8221; background_color_gradient_start=&#8221;rgba(28,28,28,0)&#8221; background_color_gradient_end=&#8221;#1c1c1c&#8221; background_color_gradient_end_position=&#8221;76%&#8221; background_color_gradient_overlays_image=&#8221;on&#8221; background_enable_image=&#8221;off&#8221; custom_padding=&#8221;18px||3px||false|false&#8221;][et_pb_row _builder_version=&#8221;3.25&#8243; custom_padding=&#8221;14px|0px|4px|0px|false|false&#8221;][et_pb_column type=&#8221;4_4&#8243; _builder_version=&#8221;3.25&#8243; custom_padding=&#8221;|||&#8221; custom_padding__hover=&#8221;|||&#8221;][et_pb_text _builder_version=&#8221;4.6.6&#8243; text_font=&#8221;||||||||&#8221; text_font_size=&#8221;15px&#8221; header_font=&#8221;Rolandritter-specialelite||||||||&#8221; header_text_color=&#8221;#e31e25&#8243; header_font_size=&#8221;50px&#8221; header_line_height=&#8221;1.3em&#8221; header_font_size_tablet=&#8221;&#8221; header_font_size_phone=&#8221;25px&#8221; header_font_size_last_edited=&#8221;on|phone&#8221;]<\/p>\n<h1 style=\"text-align: center;\">Ars Poetica<\/h1>\n<p>[\/et_pb_text][\/et_pb_column][\/et_pb_row][et_pb_row _builder_version=&#8221;4.6.6&#8243; _module_preset=&#8221;default&#8221;][et_pb_column type=&#8221;4_4&#8243; _builder_version=&#8221;4.6.6&#8243; _module_preset=&#8221;default&#8221;][et_pb_image src=&#8221;https:\/\/rolandritter.com\/wp-content\/uploads\/2020\/10\/ARS-POETICA.jpg&#8221; alt=&#8221;ARS POETICA&#8221; title_text=&#8221;ARS POETICA&#8221; _builder_version=&#8221;4.6.6&#8243; _module_preset=&#8221;default&#8221;][\/et_pb_image][\/et_pb_column][\/et_pb_row][et_pb_row _builder_version=&#8221;4.6.6&#8243; _module_preset=&#8221;default&#8221; custom_padding=&#8221;4px|||||&#8221;][et_pb_column type=&#8221;4_4&#8243; _builder_version=&#8221;4.6.6&#8243; _module_preset=&#8221;default&#8221;][et_pb_text _builder_version=&#8221;4.6.6&#8243; _module_preset=&#8221;default&#8221; custom_padding=&#8221;||1px|||&#8221;]<\/p>\n<p>\u201eMindig is vonzottak a let\u0171nt korok. Olyan titkot rejtenek ezek az id\u0151k, amelyet tal\u00e1n soha nem ismerhet\u00fcnk meg teljesen. Nagyszer\u0171 sz\u00f3rakoz\u00e1s gondolatban \u00e1t\u00e9lni a m\u00falt egy lehets\u00e9ges val\u00f3s\u00e1g\u00e1t. A fant\u00e1zia akad\u00e1lytalanul sz\u00e1rnyal \u00e9s el\u0151fordul, hogy olyan mes\u00e9be cs\u00f6ppen\u00fcnk, ami valamikor r\u00e9gen k\u00fczdelmes val\u00f3s\u00e1g lehetett az azt meg\u00e9l\u0151k sz\u00e1m\u00e1ra. Ilyen t\u00f6rt\u00e9neteket szeretn\u00e9k megosztani az olvas\u00f3immal. Ez a PAST FICTION.\u201d<\/p>\n<p>\u00a0Roland Ritter<\/p>\n<p>[\/et_pb_text][\/et_pb_column][\/et_pb_row][\/et_pb_section][et_pb_section fb_built=&#8221;1&#8243; _builder_version=&#8221;3.22&#8243; use_background_color_gradient=&#8221;on&#8221; background_color_gradient_start=&#8221;rgba(28,28,28,0)&#8221; background_color_gradient_end=&#8221;rgba(28,28,28,0.97)&#8221; background_color_gradient_type=&#8221;radial&#8221; background_color_gradient_end_position=&#8221;55%&#8221; background_color_gradient_overlays_image=&#8221;on&#8221; background_image=&#8221;https:\/\/rolandritter.com\/wp-content\/uploads\/2020\/10\/horror-house-game9-12.jpg&#8221; custom_padding=&#8221;33px|0px|33px|0px|true|false&#8221; global_module=&#8221;470&#8243; saved_tabs=&#8221;all&#8221;][et_pb_row _builder_version=&#8221;3.25&#8243; custom_padding=&#8221;14px|0px|4px|0px|false|false&#8221;][et_pb_column type=&#8221;4_4&#8243; _builder_version=&#8221;3.25&#8243; custom_padding=&#8221;|||&#8221; custom_padding__hover=&#8221;|||&#8221;][et_pb_text _builder_version=&#8221;4.6.6&#8243; text_font=&#8221;||||||||&#8221; text_font_size=&#8221;15px&#8221; header_font=&#8221;Rolandritter-specialelite||||||||&#8221; header_text_color=&#8221;#e31e25&#8243; header_font_size=&#8221;50px&#8221; header_line_height=&#8221;1.3em&#8221; header_font_size_tablet=&#8221;&#8221; header_font_size_phone=&#8221;25px&#8221; header_font_size_last_edited=&#8221;on|phone&#8221;]<\/p>\n<h1 style=\"text-align: center;\">IDT &#8211; Intelligens dinoszaurusz te\u00f3ria<\/h1>\n<p>[\/et_pb_text][\/et_pb_column][\/et_pb_row][et_pb_row column_structure=&#8221;1_3,1_3,1_3&#8243; use_custom_gutter=&#8221;on&#8221; gutter_width=&#8221;2&#8243; padding_left_right_link_1=&#8221;true&#8221; padding_left_right_link_2=&#8221;true&#8221; padding_left_right_link_3=&#8221;true&#8221; padding_left_right_link_4=&#8221;true&#8221; _builder_version=&#8221;3.25&#8243;][et_pb_column type=&#8221;1_3&#8243; _builder_version=&#8221;3.25&#8243; use_background_color_gradient=&#8221;on&#8221; background_color_gradient_start=&#8221;rgba(21,22,20,0)&#8221; background_color_gradient_end=&#8221;#232323&#8243; background_color_gradient_overlays_image=&#8221;on&#8221; background_image=&#8221;https:\/\/rolandritter.com\/wp-content\/uploads\/2020\/10\/horror-house-game1-1.jpg&#8221; custom_padding=&#8221;309px|18px|0px|18px&#8221; custom_padding__hover=&#8221;|||&#8221;][et_pb_text _builder_version=&#8221;4.6.6&#8243; text_font=&#8221;Special Elite|700|||||||&#8221; text_text_color=&#8221;#ffffff&#8221; text_font_size=&#8221;20px&#8221; text_orientation=&#8221;center&#8221;]<\/p>\n<p><span style=\"font-size: medium;\">Roland Ritter:<\/span><br \/> IDT &#8211; Intelligens dinoszaurusz te\u00f3ria\u00a0<\/p>\n<p>[\/et_pb_text][et_pb_text _builder_version=&#8221;4.6.6&#8243; text_font=&#8221;Oswald|300||on|||||&#8221; text_text_color=&#8221;#e31e25&#8243; text_font_size=&#8221;30px&#8221; text_orientation=&#8221;center&#8221; custom_padding=&#8221;11px||12px|&#8221; text_letter_spacing__hover_enabled=&#8221;on&#8221; text_letter_spacing__hover=&#8221;2px&#8221; text_text_color__hover_enabled=&#8221;on&#8221; text_text_color__hover=&#8221;#ffffff&#8221;]<\/p>\n<p><strong>Nyomtatott<\/strong> k\u00f6nyv<strong><br \/><\/strong><\/p>\n<p>[\/et_pb_text][et_pb_text _builder_version=&#8221;4.6.6&#8243; text_font=&#8221;Averia Libre||||||||&#8221; text_text_color=&#8221;#9e9e9e&#8221; text_font_size=&#8221;16px&#8221; text_line_height=&#8221;1.8em&#8221; text_orientation=&#8221;center&#8221;]<\/p>\n<p>ISBN 978-615-00-9196-9<\/p>\n<p>[\/et_pb_text][et_pb_divider color=&#8221;#e31e25&#8243; divider_weight=&#8221;3px&#8221; _builder_version=&#8221;3.19.3&#8243; module_alignment=&#8221;center&#8221; custom_padding=&#8221;43px||&#8221;][\/et_pb_divider][\/et_pb_column][et_pb_column type=&#8221;1_3&#8243; _builder_version=&#8221;3.25&#8243; use_background_color_gradient=&#8221;on&#8221; background_color_gradient_start=&#8221;rgba(21,22,20,0)&#8221; background_color_gradient_end=&#8221;#232323&#8243; background_color_gradient_overlays_image=&#8221;on&#8221; background_image=&#8221;https:\/\/rolandritter.com\/wp-content\/uploads\/2020\/10\/horror-house-game1-2.jpg&#8221; custom_padding=&#8221;309px|18px|0px|18px&#8221; custom_padding__hover=&#8221;|||&#8221;][et_pb_text _builder_version=&#8221;4.6.6&#8243; text_font=&#8221;Special Elite|700|||||||&#8221; text_text_color=&#8221;#ffffff&#8221; text_font_size=&#8221;20px&#8221; text_orientation=&#8221;center&#8221; custom_padding=&#8221;||0px|||&#8221;]<\/p>\n<p><span style=\"font-size: medium;\">Roland Ritter:<\/span><br \/> IDT &#8211; Intelligens dinoszaurusz te\u00f3ria\u00a0<\/p>\n<p>[\/et_pb_text][et_pb_text _builder_version=&#8221;4.6.6&#8243; text_font=&#8221;Oswald|300||on|||||&#8221; text_text_color=&#8221;#e31e25&#8243; text_font_size=&#8221;30px&#8221; text_orientation=&#8221;center&#8221; custom_padding=&#8221;11px||12px|&#8221; text_letter_spacing__hover_enabled=&#8221;on&#8221; text_letter_spacing__hover=&#8221;2px&#8221; text_text_color__hover_enabled=&#8221;on&#8221; text_text_color__hover=&#8221;#ffffff&#8221;]<\/p>\n<p><strong>ePUB<\/strong> e-k\u00f6nyv<strong><br \/> <\/strong><\/p>\n<p>[\/et_pb_text][et_pb_text _builder_version=&#8221;4.6.6&#8243; text_font=&#8221;Averia Libre||||||||&#8221; text_text_color=&#8221;#9e9e9e&#8221; text_font_size=&#8221;16px&#8221; text_line_height=&#8221;1.8em&#8221; text_orientation=&#8221;center&#8221;]<\/p>\n<p>ISBN 978-615-00-9147-1\u00a0<\/p>\n<p>[\/et_pb_text][et_pb_divider color=&#8221;#e31e25&#8243; divider_weight=&#8221;3px&#8221; _builder_version=&#8221;3.19.3&#8243; module_alignment=&#8221;center&#8221; custom_padding=&#8221;43px||&#8221;][\/et_pb_divider][\/et_pb_column][et_pb_column type=&#8221;1_3&#8243; _builder_version=&#8221;3.25&#8243; use_background_color_gradient=&#8221;on&#8221; background_color_gradient_start=&#8221;rgba(21,22,20,0)&#8221; background_color_gradient_end=&#8221;#232323&#8243; background_color_gradient_overlays_image=&#8221;on&#8221; background_image=&#8221;https:\/\/rolandritter.com\/wp-content\/uploads\/2020\/10\/horror-house-game1-3.jpg&#8221; custom_padding=&#8221;309px|18px|0px|18px&#8221; custom_padding__hover=&#8221;|||&#8221;][et_pb_text _builder_version=&#8221;4.6.6&#8243; text_font=&#8221;Special Elite|700|||||||&#8221; text_text_color=&#8221;#ffffff&#8221; text_font_size=&#8221;20px&#8221; text_orientation=&#8221;center&#8221;]<\/p>\n<p><span style=\"font-size: medium;\">Roland Ritter:<\/span><br \/> IDT &#8211; Intelligens dinoszaurusz te\u00f3ria\u00a0<\/p>\n<p>[\/et_pb_text][et_pb_text _builder_version=&#8221;4.6.6&#8243; text_font=&#8221;Oswald|300||on|||||&#8221; text_text_color=&#8221;#e31e25&#8243; text_font_size=&#8221;30px&#8221; text_orientation=&#8221;center&#8221; custom_padding=&#8221;11px||12px|&#8221; text_letter_spacing__hover_enabled=&#8221;on&#8221; text_letter_spacing__hover=&#8221;2px&#8221; text_text_color__hover_enabled=&#8221;on&#8221; text_text_color__hover=&#8221;#ffffff&#8221;]<\/p>\n<p><strong>Mobi e-<\/strong>k\u00f6nyv<strong><br \/> <\/strong><\/p>\n<p>[\/et_pb_text][et_pb_text _builder_version=&#8221;4.6.6&#8243; text_font=&#8221;Averia Libre||||||||&#8221; text_text_color=&#8221;#9e9e9e&#8221; text_font_size=&#8221;16px&#8221; text_line_height=&#8221;1.8em&#8221; text_orientation=&#8221;center&#8221;]<\/p>\n<p>ISBN 978-615-00-9148-8<\/p>\n<p>[\/et_pb_text][et_pb_divider color=&#8221;#e31e25&#8243; divider_weight=&#8221;3px&#8221; _builder_version=&#8221;3.19.3&#8243; module_alignment=&#8221;center&#8221; custom_padding=&#8221;43px||&#8221;][\/et_pb_divider][\/et_pb_column][\/et_pb_row][\/et_pb_section][et_pb_section fb_built=&#8221;1&#8243; admin_label=&#8221;H\u00edvjon minket&#8221; _builder_version=&#8221;4.6.6&#8243; background_color=&#8221;#232323&#8243; background_image=&#8221;https:\/\/rolandritter.com\/wp-content\/uploads\/2020\/10\/htg_alul.jpg&#8221; custom_padding=&#8221;59px|0px|145px|0px|false|false&#8221; global_module=&#8221;469&#8243; saved_tabs=&#8221;all&#8221; collapsed=&#8221;off&#8221;][et_pb_row column_structure=&#8221;1_4,1_2,1_4&#8243; make_equal=&#8221;on&#8221; _builder_version=&#8221;3.25&#8243; background_size=&#8221;initial&#8221; background_position=&#8221;top_left&#8221; background_repeat=&#8221;repeat&#8221; max_width=&#8221;1280px&#8221; custom_margin=&#8221;-240px|||&#8221; custom_margin_tablet=&#8221;0px||&#8221; custom_margin_phone=&#8221;0px||&#8221; custom_margin_last_edited=&#8221;on|desktop&#8221; custom_padding=&#8221;|||&#8221; use_custom_width=&#8221;on&#8221; custom_width_px=&#8221;1280px&#8221;][et_pb_column type=&#8221;1_4&#8243; _builder_version=&#8221;3.25&#8243; custom_padding=&#8221;100px|5%|100px|5%&#8221; custom_padding__hover=&#8221;|||&#8221;][\/et_pb_column][et_pb_column type=&#8221;1_2&#8243; _builder_version=&#8221;3.25&#8243; background_color=&#8221;#333333&#8243; custom_padding=&#8221;100px|5%|100px|5%&#8221; custom_padding__hover=&#8221;|||&#8221;][et_pb_text _builder_version=&#8221;4.6.6&#8243; text_font=&#8221;Special Elite||||||||&#8221; text_text_color=&#8221;#e31e25&#8243; text_font_size=&#8221;50px&#8221; text_line_height=&#8221;1.3em&#8221; background_size=&#8221;initial&#8221; background_position=&#8221;top_left&#8221; background_repeat=&#8221;repeat&#8221; text_orientation=&#8221;center&#8221; max_width=&#8221;400px&#8221; module_alignment=&#8221;center&#8221; custom_padding=&#8221;||30px|&#8221; text_font_size_tablet=&#8221;&#8221; text_font_size_phone=&#8221;40px&#8221; text_font_size_last_edited=&#8221;on|desktop&#8221;]<\/p>\n<p>Kapcsolat<\/p>\n<p>[\/et_pb_text][et_pb_text _builder_version=&#8221;4.6.6&#8243; text_font=&#8221;Averia Libre|700|||||||&#8221; text_text_color=&#8221;#ffffff&#8221; text_font_size=&#8221;16px&#8221; text_letter_spacing=&#8221;1px&#8221; text_line_height=&#8221;1.8em&#8221; header_font=&#8221;Oswald|300||on|||||&#8221; header_text_color=&#8221;#e31e25&#8243; header_font_size=&#8221;20px&#8221; background_size=&#8221;initial&#8221; background_position=&#8221;top_left&#8221; background_repeat=&#8221;repeat&#8221; text_orientation=&#8221;center&#8221; module_alignment=&#8221;center&#8221; custom_margin=&#8221;|||&#8221; custom_padding=&#8221;17px||4px||false&#8221;]<\/p>\n<h1>C\u00edm\u00fcnk<\/h1>\n<p><span style=\"font-size: x-large;\"><strong>BatCave Publishing<\/strong><\/span><br \/>Plasztik Dzsungel Kft.<\/p>\n<p>7624 P\u00e9cs, Angster J\u00f3zsef u. 39\/B.<\/p>\n<p>[\/et_pb_text][et_pb_divider color=&#8221;rgba(255,255,255,0.1)&#8221; divider_weight=&#8221;2px&#8221; disabled_on=&#8221;on|on|off&#8221; _builder_version=&#8221;3.19.3&#8243; max_width=&#8221;400px&#8221; module_alignment=&#8221;center&#8221; height=&#8221;2px&#8221; custom_margin=&#8221;||0px|&#8221; custom_padding=&#8221;|||&#8221;][\/et_pb_divider][et_pb_text _builder_version=&#8221;3.27.4&#8243; text_font=&#8221;Averia Libre|700|||||||&#8221; text_text_color=&#8221;#ffffff&#8221; text_font_size=&#8221;16px&#8221; text_letter_spacing=&#8221;1px&#8221; text_line_height=&#8221;1.8em&#8221; header_font=&#8221;Oswald|300||on|||||&#8221; header_text_color=&#8221;#e31e25&#8243; header_font_size=&#8221;20px&#8221; background_size=&#8221;initial&#8221; background_position=&#8221;top_left&#8221; background_repeat=&#8221;repeat&#8221; text_orientation=&#8221;center&#8221; module_alignment=&#8221;center&#8221; custom_margin=&#8221;|||&#8221; custom_padding=&#8221;40px||4px||false&#8221; locked=&#8221;off&#8221;]<\/p>\n<h1>Telefonsz\u00e1m<\/h1>\n<p><span style=\"font-size: x-large;\">+36 00 000 0000<br \/><\/span><\/p>\n<p>[\/et_pb_text][et_pb_divider color=&#8221;rgba(255,255,255,0.1)&#8221; divider_weight=&#8221;2px&#8221; disabled_on=&#8221;on|on|off&#8221; _builder_version=&#8221;3.19.3&#8243; max_width=&#8221;400px&#8221; module_alignment=&#8221;center&#8221; height=&#8221;2px&#8221; custom_margin=&#8221;||0px|&#8221; custom_padding=&#8221;|||&#8221;][\/et_pb_divider][et_pb_text _builder_version=&#8221;4.6.6&#8243; text_font=&#8221;Averia Libre|700|||||||&#8221; text_text_color=&#8221;#ffffff&#8221; text_font_size=&#8221;16px&#8221; text_letter_spacing=&#8221;1px&#8221; text_line_height=&#8221;1.8em&#8221; header_font=&#8221;Oswald|300||on|||||&#8221; header_text_color=&#8221;#e31e25&#8243; header_font_size=&#8221;20px&#8221; background_size=&#8221;initial&#8221; background_position=&#8221;top_left&#8221; background_repeat=&#8221;repeat&#8221; text_orientation=&#8221;center&#8221; module_alignment=&#8221;center&#8221; custom_margin=&#8221;|||&#8221; custom_padding=&#8221;40px||4px||false&#8221; locked=&#8221;off&#8221;]<\/p>\n<h1>Email<\/h1>\n<p><span style=\"font-size: x-large;\"><span style=\"font-size: large;\">batcavepublishing@gmail.com<\/span><a href=\"mailto:batcavepublishing@gmail.com\"><\/a><\/span><\/p>\n<p>[\/et_pb_text][\/et_pb_column][et_pb_column type=&#8221;1_4&#8243; _builder_version=&#8221;3.25&#8243; custom_padding=&#8221;|||&#8221; custom_padding__hover=&#8221;|||&#8221;][\/et_pb_column][\/et_pb_row][\/et_pb_section]<\/p>\n","protected":false},"excerpt":{"rendered":"<p>Ars Poetica\u201eMindig is vonzottak a let\u0171nt korok. Olyan titkot rejtenek ezek az id\u0151k, amelyet tal\u00e1n soha nem ismerhet\u00fcnk meg teljesen. Nagyszer\u0171 sz\u00f3rakoz\u00e1s gondolatban \u00e1t\u00e9lni a m\u00falt egy lehets\u00e9ges val\u00f3s\u00e1g\u00e1t. A fant\u00e1zia akad\u00e1lytalanul sz\u00e1rnyal \u00e9s el\u0151fordul, hogy olyan mes\u00e9be cs\u00f6ppen\u00fcnk, ami valamikor r\u00e9gen k\u00fczdelmes val\u00f3s\u00e1g lehetett az azt meg\u00e9l\u0151k sz\u00e1m\u00e1ra. Ilyen t\u00f6rt\u00e9neteket szeretn\u00e9k megosztani az olvas\u00f3immal. [&hellip;]<\/p>\n","protected":false},"author":1,"featured_media":0,"parent":0,"menu_order":0,"comment_status":"closed","ping_status":"closed","template":"","meta":{"_et_pb_use_builder":"on","_et_pb_old_content":"","_et_gb_content_width":""},"_links":{"self":[{"href":"https:\/\/rolandritter.com\/index.php?rest_route=\/wp\/v2\/pages\/472"}],"collection":[{"href":"https:\/\/rolandritter.com\/index.php?rest_route=\/wp\/v2\/pages"}],"about":[{"href":"https:\/\/rolandritter.com\/index.php?rest_route=\/wp\/v2\/types\/page"}],"author":[{"embeddable":true,"href":"https:\/\/rolandritter.com\/index.php?rest_route=\/wp\/v2\/users\/1"}],"replies":[{"embeddable":true,"href":"https:\/\/rolandritter.com\/index.php?rest_route=%2Fwp%2Fv2%2Fcomments&post=472"}],"version-history":[{"count":7,"href":"https:\/\/rolandritter.com\/index.php?rest_route=\/wp\/v2\/pages\/472\/revisions"}],"predecessor-version":[{"id":518,"href":"https:\/\/rolandritter.com\/index.php?rest_route=\/wp\/v2\/pages\/472\/revisions\/518"}],"wp:attachment":[{"href":"https:\/\/rolandritter.com\/index.php?rest_route=%2Fwp%2Fv2%2Fmedia&parent=472"}],"curies":[{"name":"wp","href":"https:\/\/api.w.org\/{rel}","templated":true}]}}