{"id":483,"date":"2020-10-26T05:08:03","date_gmt":"2020-10-26T05:08:03","guid":{"rendered":"http:\/\/rolandritter.com\/?page_id=483"},"modified":"2020-10-26T05:11:18","modified_gmt":"2020-10-26T05:11:18","slug":"eletrajz","status":"publish","type":"page","link":"https:\/\/rolandritter.com\/?page_id=483","title":{"rendered":"\u00c9letrajz"},"content":{"rendered":"<p>[et_pb_section fb_built=&#8221;1&#8243; _builder_version=&#8221;4.6.6&#8243; background_color=&#8221;#000000&#8243; use_background_color_gradient=&#8221;on&#8221; background_color_gradient_start=&#8221;rgba(28,28,28,0)&#8221; background_color_gradient_end=&#8221;#1c1c1c&#8221; background_color_gradient_end_position=&#8221;76%&#8221; background_color_gradient_overlays_image=&#8221;on&#8221; background_enable_image=&#8221;off&#8221; custom_padding=&#8221;18px||3px||false|false&#8221;][et_pb_row _builder_version=&#8221;3.25&#8243; custom_padding=&#8221;14px|0px|4px|0px|false|false&#8221;][et_pb_column type=&#8221;4_4&#8243; _builder_version=&#8221;3.25&#8243; custom_padding=&#8221;|||&#8221; custom_padding__hover=&#8221;|||&#8221;][et_pb_text _builder_version=&#8221;4.6.6&#8243; text_font=&#8221;||||||||&#8221; text_font_size=&#8221;15px&#8221; header_font=&#8221;Rolandritter-specialelite||||||||&#8221; header_text_color=&#8221;#e31e25&#8243; header_font_size=&#8221;50px&#8221; header_line_height=&#8221;1.3em&#8221; header_font_size_tablet=&#8221;&#8221; header_font_size_phone=&#8221;25px&#8221; header_font_size_last_edited=&#8221;on|phone&#8221;]<\/p>\n<h1 style=\"text-align: center;\">Roland Ritter \u00e9letrajz<\/h1>\n<p>[\/et_pb_text][\/et_pb_column][\/et_pb_row][et_pb_row _builder_version=&#8221;4.6.6&#8243; _module_preset=&#8221;default&#8221;][et_pb_column type=&#8221;4_4&#8243; _builder_version=&#8221;4.6.6&#8243; _module_preset=&#8221;default&#8221;][et_pb_image alt=&#8221;Roland Ritter \u00e9letrajz&#8221; title_text=&#8221;Roland Ritter \u00e9letrajz&#8221; _builder_version=&#8221;4.6.6&#8243; _module_preset=&#8221;default&#8221; hover_enabled=&#8221;0&#8243; src=&#8221;https:\/\/rolandritter.com\/wp-content\/uploads\/2020\/10\/ELETRAJZ.jpg&#8221; sticky_enabled=&#8221;0&#8243;][\/et_pb_image][\/et_pb_column][\/et_pb_row][et_pb_row _builder_version=&#8221;4.6.6&#8243; _module_preset=&#8221;default&#8221; custom_padding=&#8221;4px|||||&#8221;][et_pb_column type=&#8221;4_4&#8243; _builder_version=&#8221;4.6.6&#8243; _module_preset=&#8221;default&#8221;][et_pb_text _builder_version=&#8221;4.6.6&#8243; _module_preset=&#8221;default&#8221; custom_padding=&#8221;||1px|||&#8221; hover_enabled=&#8221;0&#8243; sticky_enabled=&#8221;0&#8243;]<\/p>\n<p>Roland Ritter 1975-ben sz\u00fcletett Magyarorsz\u00e1gon; egy nyitott, halad\u00f3 gondolkod\u00e1s\u00fa csal\u00e1dba. A magyar, n\u00e9met \u00e9s szl\u00e1v felmen\u0151kkel rendelkez\u0151 \u00edr\u00f3 kozmopolita rokons\u00e1ga megtal\u00e1lhat\u00f3 jelenleg az Egyes\u00fclt \u00c1llamokban, Ausztri\u00e1ban \u00e9s Csehorsz\u00e1gban is.<\/p>\n<p>Iskol\u00e1it sz\u00fcl\u0151v\u00e1ros\u00e1ban, P\u00e9csen v\u00e9gezte. Itt szerez \u00e9p\u00edt\u00e9szm\u00e9rn\u00f6k diplom\u00e1t is. \u00c9p\u00fcletek megval\u00f3s\u00edt\u00e1s\u00e1ban vesz r\u00e9szt, \u00e9p\u00edt\u0151ipari kivitelez\u0151 \u00e9s \u00e9p\u00edt\u0151anyag gy\u00e1rt\u00f3 c\u00e9gek alkalmaz\u00e1s\u00e1ban. \u00dczlett\u00e1rsaival saj\u00e1t c\u00e9get is alap\u00edt, amely speci\u00e1lis \u00e9p\u00edt\u0151anyagok \u00e9rt\u00e9kes\u00edt\u00e9s\u00e9vel foglalkozik.<\/p>\n<p>Kedvelt szabadid\u0151s tev\u00e9kenys\u00e9gei a horg\u00e1szat, sport \u00e9s az utaz\u00e1s. Szabads\u00e1g\u00e1t legsz\u00edvesebben G\u00f6r\u00f6gorsz\u00e1gban t\u00f6lti, de kedvelt \u00fatic\u00e9lja Ausztria is.<\/p>\n<p>Tizen\u00e9vesen r\u00f6vid novell\u00e1kban, versekben \u00f6ltenek form\u00e1t az els\u0151 tudatos sz\u00e1rnypr\u00f3b\u00e1lgat\u00e1sok. Az els\u0151, reg\u00e9ny terjedelm\u0171 k\u00e9zirattal 2012-ben k\u00e9sz\u00fcl el. A rokons\u00e1g \u00e9s a tesztolvas\u00f3k biztatj\u00e1k az \u00edr\u00e1sra. Ezut\u00e1n megsz\u00fcletik m\u00e9g k\u00e9t reg\u00e9ny k\u00e9zirata, amelyekkel kiad\u00f3kn\u00e1l h\u00e1zal. Indul irodalmi p\u00e1ly\u00e1zaton is, innen is pozit\u00edv visszajelz\u00e9s \u00e9rkezik. 2020-ban kiad\u00f3t hoz l\u00e9tre BatCave Publishing n\u00e9ven, azzal a c\u00e9llal, hogy az elk\u00e9pzel\u00e9sinek legink\u00e1bb megfelel\u0151 tartalommal, form\u00e1ban \u00e9s f\u00f3rumokon jelenhessenek meg reg\u00e9nyei.<\/p>\n<p>T\u00e1rs\u00e1val egy t\u00f3parti h\u00e1zban \u00e9l. Ez a \u201eDenev\u00e9rbarlang\u201d.<\/p>\n<p>[\/et_pb_text][\/et_pb_column][\/et_pb_row][\/et_pb_section][et_pb_section fb_built=&#8221;1&#8243; _builder_version=&#8221;3.22&#8243; use_background_color_gradient=&#8221;on&#8221; background_color_gradient_start=&#8221;rgba(28,28,28,0)&#8221; background_color_gradient_end=&#8221;rgba(28,28,28,0.97)&#8221; background_color_gradient_type=&#8221;radial&#8221; background_color_gradient_end_position=&#8221;55%&#8221; background_color_gradient_overlays_image=&#8221;on&#8221; background_image=&#8221;https:\/\/rolandritter.com\/wp-content\/uploads\/2020\/10\/horror-house-game9-12.jpg&#8221; custom_padding=&#8221;33px|0px|33px|0px|true|false&#8221; global_module=&#8221;470&#8243; saved_tabs=&#8221;all&#8221;][et_pb_row _builder_version=&#8221;3.25&#8243; custom_padding=&#8221;37px|0px|27px|0px|false|false&#8221;][et_pb_column type=&#8221;4_4&#8243; _builder_version=&#8221;3.25&#8243; custom_padding=&#8221;|||&#8221; custom_padding__hover=&#8221;|||&#8221;][et_pb_text _builder_version=&#8221;3.27.4&#8243; text_font=&#8221;Special Elite||||||||&#8221; text_text_color=&#8221;#e31e25&#8243; text_font_size=&#8221;50px&#8221; text_line_height=&#8221;1.2em&#8221; text_orientation=&#8221;center&#8221; custom_margin=&#8221;2px|||&#8221; text_font_size_tablet=&#8221;&#8221; text_font_size_phone=&#8221;30px&#8221; text_font_size_last_edited=&#8221;on|phone&#8221;]<\/p>\n<p><strong>Kiadv\u00e1nyaink<br \/><\/strong><\/p>\n<p>[\/et_pb_text][\/et_pb_column][\/et_pb_row][et_pb_row column_structure=&#8221;1_3,1_3,1_3&#8243; use_custom_gutter=&#8221;on&#8221; gutter_width=&#8221;2&#8243; padding_left_right_link_1=&#8221;true&#8221; padding_left_right_link_2=&#8221;true&#8221; padding_left_right_link_3=&#8221;true&#8221; padding_left_right_link_4=&#8221;true&#8221; _builder_version=&#8221;3.25&#8243;][et_pb_column type=&#8221;1_3&#8243; _builder_version=&#8221;3.25&#8243; use_background_color_gradient=&#8221;on&#8221; background_color_gradient_start=&#8221;rgba(21,22,20,0)&#8221; background_color_gradient_end=&#8221;#232323&#8243; background_color_gradient_overlays_image=&#8221;on&#8221; background_image=&#8221;https:\/\/rolandritter.com\/wp-content\/uploads\/2020\/10\/horror-house-game1-1.jpg&#8221; custom_padding=&#8221;309px|18px|0px|18px&#8221; custom_padding__hover=&#8221;|||&#8221;][et_pb_text _builder_version=&#8221;4.6.6&#8243; text_font=&#8221;Special Elite|700|||||||&#8221; text_text_color=&#8221;#ffffff&#8221; text_font_size=&#8221;20px&#8221; text_orientation=&#8221;center&#8221;]<\/p>\n<p><span style=\"font-size: medium;\">Roland Ritter:<\/span><br \/> IDT &#8211; Intelligens dinoszaurusz te\u00f3ria\u00a0<\/p>\n<p>[\/et_pb_text][et_pb_text _builder_version=&#8221;4.6.6&#8243; text_font=&#8221;Oswald|300||on|||||&#8221; text_text_color=&#8221;#e31e25&#8243; text_font_size=&#8221;30px&#8221; text_orientation=&#8221;center&#8221; custom_padding=&#8221;11px||12px|&#8221; text_letter_spacing__hover_enabled=&#8221;on&#8221; text_letter_spacing__hover=&#8221;2px&#8221; text_text_color__hover_enabled=&#8221;on&#8221; text_text_color__hover=&#8221;#ffffff&#8221;]<\/p>\n<p><strong>Nyomtatott<\/strong> k\u00f6nyv<strong><br \/><\/strong><\/p>\n<p>[\/et_pb_text][et_pb_text _builder_version=&#8221;4.6.6&#8243; text_font=&#8221;Averia Libre||||||||&#8221; text_text_color=&#8221;#9e9e9e&#8221; text_font_size=&#8221;16px&#8221; text_line_height=&#8221;1.8em&#8221; text_orientation=&#8221;center&#8221;]<\/p>\n<p>ISBN 978-615-00-9196-9<\/p>\n<p>[\/et_pb_text][et_pb_divider color=&#8221;#e31e25&#8243; divider_weight=&#8221;3px&#8221; _builder_version=&#8221;3.19.3&#8243; module_alignment=&#8221;center&#8221; custom_padding=&#8221;43px||&#8221;][\/et_pb_divider][\/et_pb_column][et_pb_column type=&#8221;1_3&#8243; _builder_version=&#8221;3.25&#8243; use_background_color_gradient=&#8221;on&#8221; background_color_gradient_start=&#8221;rgba(21,22,20,0)&#8221; background_color_gradient_end=&#8221;#232323&#8243; background_color_gradient_overlays_image=&#8221;on&#8221; background_image=&#8221;https:\/\/rolandritter.com\/wp-content\/uploads\/2020\/10\/horror-house-game1-2.jpg&#8221; custom_padding=&#8221;309px|18px|0px|18px&#8221; custom_padding__hover=&#8221;|||&#8221;][et_pb_text _builder_version=&#8221;4.6.6&#8243; text_font=&#8221;Special Elite|700|||||||&#8221; text_text_color=&#8221;#ffffff&#8221; text_font_size=&#8221;20px&#8221; text_orientation=&#8221;center&#8221;]<\/p>\n<p><span style=\"font-size: medium;\">Roland Ritter:<\/span><br \/> IDT &#8211; Intelligens dinoszaurusz te\u00f3ria\u00a0<\/p>\n<p>[\/et_pb_text][et_pb_text _builder_version=&#8221;4.6.6&#8243; text_font=&#8221;Oswald|300||on|||||&#8221; text_text_color=&#8221;#e31e25&#8243; text_font_size=&#8221;30px&#8221; text_orientation=&#8221;center&#8221; custom_padding=&#8221;11px||12px|&#8221; text_letter_spacing__hover_enabled=&#8221;on&#8221; text_letter_spacing__hover=&#8221;2px&#8221; text_text_color__hover_enabled=&#8221;on&#8221; text_text_color__hover=&#8221;#ffffff&#8221;]<\/p>\n<p><strong>ePUB<\/strong> e-k\u00f6nyv<strong><br \/> <\/strong><\/p>\n<p>[\/et_pb_text][et_pb_text _builder_version=&#8221;4.6.6&#8243; text_font=&#8221;Averia Libre||||||||&#8221; text_text_color=&#8221;#9e9e9e&#8221; text_font_size=&#8221;16px&#8221; text_line_height=&#8221;1.8em&#8221; text_orientation=&#8221;center&#8221;]<\/p>\n<p>ISBN 978-615-00-9147-1\u00a0<\/p>\n<p>[\/et_pb_text][et_pb_divider color=&#8221;#e31e25&#8243; divider_weight=&#8221;3px&#8221; _builder_version=&#8221;3.19.3&#8243; module_alignment=&#8221;center&#8221; custom_padding=&#8221;43px||&#8221;][\/et_pb_divider][\/et_pb_column][et_pb_column type=&#8221;1_3&#8243; _builder_version=&#8221;3.25&#8243; use_background_color_gradient=&#8221;on&#8221; background_color_gradient_start=&#8221;rgba(21,22,20,0)&#8221; background_color_gradient_end=&#8221;#232323&#8243; background_color_gradient_overlays_image=&#8221;on&#8221; background_image=&#8221;https:\/\/rolandritter.com\/wp-content\/uploads\/2020\/10\/horror-house-game1-3.jpg&#8221; custom_padding=&#8221;309px|18px|0px|18px&#8221; custom_padding__hover=&#8221;|||&#8221;][et_pb_text _builder_version=&#8221;4.6.6&#8243; text_font=&#8221;Special Elite|700|||||||&#8221; text_text_color=&#8221;#ffffff&#8221; text_font_size=&#8221;20px&#8221; text_orientation=&#8221;center&#8221;]<\/p>\n<p><span style=\"font-size: medium;\">Roland Ritter:<\/span><br \/> IDT &#8211; Intelligens dinoszaurusz te\u00f3ria\u00a0<\/p>\n<p>[\/et_pb_text][et_pb_text _builder_version=&#8221;4.6.6&#8243; text_font=&#8221;Oswald|300||on|||||&#8221; text_text_color=&#8221;#e31e25&#8243; text_font_size=&#8221;30px&#8221; text_orientation=&#8221;center&#8221; custom_padding=&#8221;11px||12px|&#8221; text_letter_spacing__hover_enabled=&#8221;on&#8221; text_letter_spacing__hover=&#8221;2px&#8221; text_text_color__hover_enabled=&#8221;on&#8221; text_text_color__hover=&#8221;#ffffff&#8221;]<\/p>\n<p><strong>Mobi e-<\/strong>k\u00f6nyv<strong><br \/> <\/strong><\/p>\n<p>[\/et_pb_text][et_pb_text _builder_version=&#8221;4.6.6&#8243; text_font=&#8221;Averia Libre||||||||&#8221; text_text_color=&#8221;#9e9e9e&#8221; text_font_size=&#8221;16px&#8221; text_line_height=&#8221;1.8em&#8221; text_orientation=&#8221;center&#8221;]<\/p>\n<p>ISBN 978-615-00-9148-8<\/p>\n<p>[\/et_pb_text][et_pb_divider color=&#8221;#e31e25&#8243; divider_weight=&#8221;3px&#8221; _builder_version=&#8221;3.19.3&#8243; module_alignment=&#8221;center&#8221; custom_padding=&#8221;43px||&#8221;][\/et_pb_divider][\/et_pb_column][\/et_pb_row][\/et_pb_section][et_pb_section fb_built=&#8221;1&#8243; admin_label=&#8221;H\u00edvjon minket&#8221; _builder_version=&#8221;4.6.6&#8243; background_color=&#8221;#232323&#8243; background_image=&#8221;https:\/\/rolandritter.com\/wp-content\/uploads\/2020\/10\/htg_alul.jpg&#8221; custom_padding=&#8221;59px|0px|145px|0px|false|false&#8221; global_module=&#8221;469&#8243; saved_tabs=&#8221;all&#8221; collapsed=&#8221;off&#8221;][et_pb_row column_structure=&#8221;1_4,1_2,1_4&#8243; make_equal=&#8221;on&#8221; _builder_version=&#8221;3.25&#8243; background_size=&#8221;initial&#8221; background_position=&#8221;top_left&#8221; background_repeat=&#8221;repeat&#8221; max_width=&#8221;1280px&#8221; custom_margin=&#8221;-240px|||&#8221; custom_margin_tablet=&#8221;0px||&#8221; custom_margin_phone=&#8221;0px||&#8221; custom_margin_last_edited=&#8221;on|desktop&#8221; custom_padding=&#8221;|||&#8221; use_custom_width=&#8221;on&#8221; custom_width_px=&#8221;1280px&#8221;][et_pb_column type=&#8221;1_4&#8243; _builder_version=&#8221;3.25&#8243; custom_padding=&#8221;100px|5%|100px|5%&#8221; custom_padding__hover=&#8221;|||&#8221;][\/et_pb_column][et_pb_column type=&#8221;1_2&#8243; _builder_version=&#8221;3.25&#8243; background_color=&#8221;#333333&#8243; custom_padding=&#8221;100px|5%|100px|5%&#8221; custom_padding__hover=&#8221;|||&#8221;][et_pb_text _builder_version=&#8221;4.6.6&#8243; text_font=&#8221;Special Elite||||||||&#8221; text_text_color=&#8221;#e31e25&#8243; text_font_size=&#8221;50px&#8221; text_line_height=&#8221;1.3em&#8221; background_size=&#8221;initial&#8221; background_position=&#8221;top_left&#8221; background_repeat=&#8221;repeat&#8221; text_orientation=&#8221;center&#8221; max_width=&#8221;400px&#8221; module_alignment=&#8221;center&#8221; custom_padding=&#8221;||30px|&#8221; text_font_size_tablet=&#8221;&#8221; text_font_size_phone=&#8221;40px&#8221; text_font_size_last_edited=&#8221;on|desktop&#8221;]<\/p>\n<p>Kapcsolat<\/p>\n<p>[\/et_pb_text][et_pb_text _builder_version=&#8221;4.6.6&#8243; text_font=&#8221;Averia Libre|700|||||||&#8221; text_text_color=&#8221;#ffffff&#8221; text_font_size=&#8221;16px&#8221; text_letter_spacing=&#8221;1px&#8221; text_line_height=&#8221;1.8em&#8221; header_font=&#8221;Oswald|300||on|||||&#8221; header_text_color=&#8221;#e31e25&#8243; header_font_size=&#8221;20px&#8221; background_size=&#8221;initial&#8221; background_position=&#8221;top_left&#8221; background_repeat=&#8221;repeat&#8221; text_orientation=&#8221;center&#8221; module_alignment=&#8221;center&#8221; custom_margin=&#8221;|||&#8221; custom_padding=&#8221;17px||4px||false&#8221;]<\/p>\n<h1>C\u00edm\u00fcnk<\/h1>\n<p><span style=\"font-size: x-large;\"><strong>BatCave Publishing<\/strong><\/span><br \/>Plasztik Dzsungel Kft.<\/p>\n<p>7624 P\u00e9cs, Angster J\u00f3zsef u. 39\/B.<\/p>\n<p>[\/et_pb_text][et_pb_divider color=&#8221;rgba(255,255,255,0.1)&#8221; divider_weight=&#8221;2px&#8221; disabled_on=&#8221;on|on|off&#8221; _builder_version=&#8221;3.19.3&#8243; max_width=&#8221;400px&#8221; module_alignment=&#8221;center&#8221; height=&#8221;2px&#8221; custom_margin=&#8221;||0px|&#8221; custom_padding=&#8221;|||&#8221;][\/et_pb_divider][et_pb_text _builder_version=&#8221;3.27.4&#8243; text_font=&#8221;Averia Libre|700|||||||&#8221; text_text_color=&#8221;#ffffff&#8221; text_font_size=&#8221;16px&#8221; text_letter_spacing=&#8221;1px&#8221; text_line_height=&#8221;1.8em&#8221; header_font=&#8221;Oswald|300||on|||||&#8221; header_text_color=&#8221;#e31e25&#8243; header_font_size=&#8221;20px&#8221; background_size=&#8221;initial&#8221; background_position=&#8221;top_left&#8221; background_repeat=&#8221;repeat&#8221; text_orientation=&#8221;center&#8221; module_alignment=&#8221;center&#8221; custom_margin=&#8221;|||&#8221; custom_padding=&#8221;40px||4px||false&#8221; locked=&#8221;off&#8221;]<\/p>\n<h1>Telefonsz\u00e1m<\/h1>\n<p><span style=\"font-size: x-large;\">+36 00 000 0000<br \/><\/span><\/p>\n<p>[\/et_pb_text][et_pb_divider color=&#8221;rgba(255,255,255,0.1)&#8221; divider_weight=&#8221;2px&#8221; disabled_on=&#8221;on|on|off&#8221; _builder_version=&#8221;3.19.3&#8243; max_width=&#8221;400px&#8221; module_alignment=&#8221;center&#8221; height=&#8221;2px&#8221; custom_margin=&#8221;||0px|&#8221; custom_padding=&#8221;|||&#8221;][\/et_pb_divider][et_pb_text _builder_version=&#8221;4.6.6&#8243; text_font=&#8221;Averia Libre|700|||||||&#8221; text_text_color=&#8221;#ffffff&#8221; text_font_size=&#8221;16px&#8221; text_letter_spacing=&#8221;1px&#8221; text_line_height=&#8221;1.8em&#8221; header_font=&#8221;Oswald|300||on|||||&#8221; header_text_color=&#8221;#e31e25&#8243; header_font_size=&#8221;20px&#8221; background_size=&#8221;initial&#8221; background_position=&#8221;top_left&#8221; background_repeat=&#8221;repeat&#8221; text_orientation=&#8221;center&#8221; module_alignment=&#8221;center&#8221; custom_margin=&#8221;|||&#8221; custom_padding=&#8221;40px||4px||false&#8221; locked=&#8221;off&#8221;]<\/p>\n<h1>Email<\/h1>\n<p><span style=\"font-size: x-large;\"><span style=\"font-size: large;\">batcavepublishing@gmail.com<\/span><a href=\"mailto:batcavepublishing@gmail.com\"><\/a><\/span><\/p>\n<p>[\/et_pb_text][\/et_pb_column][et_pb_column type=&#8221;1_4&#8243; _builder_version=&#8221;3.25&#8243; custom_padding=&#8221;|||&#8221; custom_padding__hover=&#8221;|||&#8221;][\/et_pb_column][\/et_pb_row][\/et_pb_section]<\/p>\n","protected":false},"excerpt":{"rendered":"<p>Roland Ritter \u00e9letrajzRoland Ritter 1975-ben sz\u00fcletett Magyarorsz\u00e1gon; egy nyitott, halad\u00f3 gondolkod\u00e1s\u00fa csal\u00e1dba. A magyar, n\u00e9met \u00e9s szl\u00e1v felmen\u0151kkel rendelkez\u0151 \u00edr\u00f3 kozmopolita rokons\u00e1ga megtal\u00e1lhat\u00f3 jelenleg az Egyes\u00fclt \u00c1llamokban, Ausztri\u00e1ban \u00e9s Csehorsz\u00e1gban is. Iskol\u00e1it sz\u00fcl\u0151v\u00e1ros\u00e1ban, P\u00e9csen v\u00e9gezte. Itt szerez \u00e9p\u00edt\u00e9szm\u00e9rn\u00f6k diplom\u00e1t is. \u00c9p\u00fcletek megval\u00f3s\u00edt\u00e1s\u00e1ban vesz r\u00e9szt, \u00e9p\u00edt\u0151ipari kivitelez\u0151 \u00e9s \u00e9p\u00edt\u0151anyag gy\u00e1rt\u00f3 c\u00e9gek alkalmaz\u00e1s\u00e1ban. \u00dczlett\u00e1rsaival saj\u00e1t c\u00e9get is [&hellip;]<\/p>\n","protected":false},"author":1,"featured_media":0,"parent":0,"menu_order":0,"comment_status":"closed","ping_status":"closed","template":"","meta":{"_et_pb_use_builder":"on","_et_pb_old_content":"","_et_gb_content_width":""},"_links":{"self":[{"href":"https:\/\/rolandritter.com\/index.php?rest_route=\/wp\/v2\/pages\/483"}],"collection":[{"href":"https:\/\/rolandritter.com\/index.php?rest_route=\/wp\/v2\/pages"}],"about":[{"href":"https:\/\/rolandritter.com\/index.php?rest_route=\/wp\/v2\/types\/page"}],"author":[{"embeddable":true,"href":"https:\/\/rolandritter.com\/index.php?rest_route=\/wp\/v2\/users\/1"}],"replies":[{"embeddable":true,"href":"https:\/\/rolandritter.com\/index.php?rest_route=%2Fwp%2Fv2%2Fcomments&post=483"}],"version-history":[{"count":3,"href":"https:\/\/rolandritter.com\/index.php?rest_route=\/wp\/v2\/pages\/483\/revisions"}],"predecessor-version":[{"id":488,"href":"https:\/\/rolandritter.com\/index.php?rest_route=\/wp\/v2\/pages\/483\/revisions\/488"}],"wp:attachment":[{"href":"https:\/\/rolandritter.com\/index.php?rest_route=%2Fwp%2Fv2%2Fmedia&parent=483"}],"curies":[{"name":"wp","href":"https:\/\/api.w.org\/{rel}","templated":true}]}}