{"id":489,"date":"2020-10-26T05:12:40","date_gmt":"2020-10-26T05:12:40","guid":{"rendered":"http:\/\/rolandritter.com\/?page_id=489"},"modified":"2020-10-26T05:33:30","modified_gmt":"2020-10-26T05:33:30","slug":"kiadvanyok","status":"publish","type":"page","link":"https:\/\/rolandritter.com\/?page_id=489","title":{"rendered":"Kiadv\u00e1nyok"},"content":{"rendered":"<p>[et_pb_section fb_built=&#8221;1&#8243; _builder_version=&#8221;3.22&#8243; use_background_color_gradient=&#8221;on&#8221; background_color_gradient_start=&#8221;rgba(28,28,28,0)&#8221; background_color_gradient_end=&#8221;rgba(28,28,28,0.97)&#8221; background_color_gradient_type=&#8221;radial&#8221; background_color_gradient_end_position=&#8221;55%&#8221; background_color_gradient_overlays_image=&#8221;on&#8221; background_image=&#8221;https:\/\/rolandritter.com\/wp-content\/uploads\/2020\/10\/horror-house-game9-12.jpg&#8221; custom_padding=&#8221;33px|0px|33px|0px|true|false&#8221; hover_enabled=&#8221;0&#8243; global_module=&#8221;470&#8243; saved_tabs=&#8221;all&#8221; sticky_enabled=&#8221;0&#8243;][et_pb_row _builder_version=&#8221;3.25&#8243; custom_padding=&#8221;14px|0px|4px|0px|false|false&#8221;][et_pb_column type=&#8221;4_4&#8243; _builder_version=&#8221;3.25&#8243; custom_padding=&#8221;|||&#8221; custom_padding__hover=&#8221;|||&#8221;][et_pb_text _builder_version=&#8221;4.6.6&#8243; text_font=&#8221;||||||||&#8221; text_font_size=&#8221;15px&#8221; header_font=&#8221;Rolandritter-specialelite||||||||&#8221; header_text_color=&#8221;#e31e25&#8243; header_font_size=&#8221;50px&#8221; header_line_height=&#8221;1.3em&#8221; header_font_size_tablet=&#8221;&#8221; header_font_size_phone=&#8221;25px&#8221; header_font_size_last_edited=&#8221;on|phone&#8221;]<\/p>\n<h1 style=\"text-align: center;\">IDT &#8211; Intelligens dinoszaurusz te\u00f3ria<\/h1>\n<p>[\/et_pb_text][\/et_pb_column][\/et_pb_row][et_pb_row _builder_version=&#8221;3.25&#8243; custom_padding=&#8221;37px|0px|27px|0px|false|false&#8221; hover_enabled=&#8221;0&#8243; sticky_enabled=&#8221;0&#8243;][et_pb_column type=&#8221;4_4&#8243; _builder_version=&#8221;3.25&#8243; custom_padding=&#8221;|||&#8221; custom_padding__hover=&#8221;|||&#8221;][et_pb_text _builder_version=&#8221;4.6.6&#8243; text_font=&#8221;Special Elite||||||||&#8221; text_text_color=&#8221;#e31e25&#8243; text_font_size=&#8221;50px&#8221; text_line_height=&#8221;1.2em&#8221; text_orientation=&#8221;center&#8221; custom_margin=&#8221;2px|||&#8221; hover_enabled=&#8221;0&#8243; text_font_size_tablet=&#8221;&#8221; text_font_size_phone=&#8221;30px&#8221; text_font_size_last_edited=&#8221;on|phone&#8221; header_font=&#8221;Rolandritter-specialelite||||||||&#8221; sticky_enabled=&#8221;0&#8243; inline_fonts=&#8221;Rolandritter-specialelite&#8221;]<\/p>\n<h4><strong><span style=\"font-family: Rolandritter-specialelite; font-weight: normal; color: #e22126;\">Rendelhet\u0151 form\u00e1tumok<\/span><br \/> <\/strong><\/h4>\n<p>[\/et_pb_text][\/et_pb_column][\/et_pb_row][et_pb_row column_structure=&#8221;1_3,1_3,1_3&#8243; use_custom_gutter=&#8221;on&#8221; gutter_width=&#8221;2&#8243; padding_left_right_link_1=&#8221;true&#8221; padding_left_right_link_2=&#8221;true&#8221; padding_left_right_link_3=&#8221;true&#8221; padding_left_right_link_4=&#8221;true&#8221; _builder_version=&#8221;3.25&#8243;][et_pb_column type=&#8221;1_3&#8243; _builder_version=&#8221;3.25&#8243; use_background_color_gradient=&#8221;on&#8221; background_color_gradient_start=&#8221;rgba(21,22,20,0)&#8221; background_color_gradient_end=&#8221;#232323&#8243; background_color_gradient_overlays_image=&#8221;on&#8221; background_image=&#8221;https:\/\/rolandritter.com\/wp-content\/uploads\/2020\/10\/horror-house-game1-1.jpg&#8221; custom_padding=&#8221;309px|18px|0px|18px&#8221; custom_padding__hover=&#8221;|||&#8221;][et_pb_text _builder_version=&#8221;4.6.6&#8243; text_font=&#8221;Special Elite|700|||||||&#8221; text_text_color=&#8221;#ffffff&#8221; text_font_size=&#8221;20px&#8221; text_orientation=&#8221;center&#8221;]<\/p>\n<p><span style=\"font-size: medium;\">Roland Ritter:<\/span><br \/> IDT &#8211; Intelligens dinoszaurusz te\u00f3ria\u00a0<\/p>\n<p>[\/et_pb_text][et_pb_text _builder_version=&#8221;4.6.6&#8243; text_font=&#8221;Oswald|300||on|||||&#8221; text_text_color=&#8221;#e31e25&#8243; text_font_size=&#8221;30px&#8221; text_orientation=&#8221;center&#8221; custom_padding=&#8221;11px||12px|&#8221; text_letter_spacing__hover_enabled=&#8221;on&#8221; text_letter_spacing__hover=&#8221;2px&#8221; text_text_color__hover_enabled=&#8221;on&#8221; text_text_color__hover=&#8221;#ffffff&#8221;]<\/p>\n<p><strong>Nyomtatott<\/strong> k\u00f6nyv<strong><br \/><\/strong><\/p>\n<p>[\/et_pb_text][et_pb_text _builder_version=&#8221;4.6.6&#8243; text_font=&#8221;Averia Libre||||||||&#8221; text_text_color=&#8221;#9e9e9e&#8221; text_font_size=&#8221;16px&#8221; text_line_height=&#8221;1.8em&#8221; text_orientation=&#8221;center&#8221;]<\/p>\n<p>ISBN 978-615-00-9196-9<\/p>\n<p>[\/et_pb_text][et_pb_divider color=&#8221;#e31e25&#8243; divider_weight=&#8221;3px&#8221; _builder_version=&#8221;3.19.3&#8243; module_alignment=&#8221;center&#8221; custom_padding=&#8221;43px||&#8221;][\/et_pb_divider][\/et_pb_column][et_pb_column type=&#8221;1_3&#8243; _builder_version=&#8221;3.25&#8243; use_background_color_gradient=&#8221;on&#8221; background_color_gradient_start=&#8221;rgba(21,22,20,0)&#8221; background_color_gradient_end=&#8221;#232323&#8243; background_color_gradient_overlays_image=&#8221;on&#8221; background_image=&#8221;https:\/\/rolandritter.com\/wp-content\/uploads\/2020\/10\/horror-house-game1-2.jpg&#8221; custom_padding=&#8221;309px|18px|0px|18px&#8221; custom_padding__hover=&#8221;|||&#8221;][et_pb_text _builder_version=&#8221;4.6.6&#8243; text_font=&#8221;Special Elite|700|||||||&#8221; text_text_color=&#8221;#ffffff&#8221; text_font_size=&#8221;20px&#8221; text_orientation=&#8221;center&#8221; custom_padding=&#8221;||0px|||&#8221;]<\/p>\n<p><span style=\"font-size: medium;\">Roland Ritter:<\/span><br \/> IDT &#8211; Intelligens dinoszaurusz te\u00f3ria\u00a0<\/p>\n<p>[\/et_pb_text][et_pb_text _builder_version=&#8221;4.6.6&#8243; text_font=&#8221;Oswald|300||on|||||&#8221; text_text_color=&#8221;#e31e25&#8243; text_font_size=&#8221;30px&#8221; text_orientation=&#8221;center&#8221; custom_padding=&#8221;11px||12px|&#8221; text_letter_spacing__hover_enabled=&#8221;on&#8221; text_letter_spacing__hover=&#8221;2px&#8221; text_text_color__hover_enabled=&#8221;on&#8221; text_text_color__hover=&#8221;#ffffff&#8221;]<\/p>\n<p><strong>ePUB<\/strong> e-k\u00f6nyv<strong><br \/> <\/strong><\/p>\n<p>[\/et_pb_text][et_pb_text _builder_version=&#8221;4.6.6&#8243; text_font=&#8221;Averia Libre||||||||&#8221; text_text_color=&#8221;#9e9e9e&#8221; text_font_size=&#8221;16px&#8221; text_line_height=&#8221;1.8em&#8221; text_orientation=&#8221;center&#8221;]<\/p>\n<p>ISBN 978-615-00-9147-1\u00a0<\/p>\n<p>[\/et_pb_text][et_pb_divider color=&#8221;#e31e25&#8243; divider_weight=&#8221;3px&#8221; _builder_version=&#8221;3.19.3&#8243; module_alignment=&#8221;center&#8221; custom_padding=&#8221;43px||&#8221;][\/et_pb_divider][\/et_pb_column][et_pb_column type=&#8221;1_3&#8243; _builder_version=&#8221;3.25&#8243; use_background_color_gradient=&#8221;on&#8221; background_color_gradient_start=&#8221;rgba(21,22,20,0)&#8221; background_color_gradient_end=&#8221;#232323&#8243; background_color_gradient_overlays_image=&#8221;on&#8221; background_image=&#8221;https:\/\/rolandritter.com\/wp-content\/uploads\/2020\/10\/horror-house-game1-3.jpg&#8221; custom_padding=&#8221;309px|18px|0px|18px&#8221; custom_padding__hover=&#8221;|||&#8221;][et_pb_text _builder_version=&#8221;4.6.6&#8243; text_font=&#8221;Special Elite|700|||||||&#8221; text_text_color=&#8221;#ffffff&#8221; text_font_size=&#8221;20px&#8221; text_orientation=&#8221;center&#8221;]<\/p>\n<p><span style=\"font-size: medium;\">Roland Ritter:<\/span><br \/> IDT &#8211; Intelligens dinoszaurusz te\u00f3ria\u00a0<\/p>\n<p>[\/et_pb_text][et_pb_text _builder_version=&#8221;4.6.6&#8243; text_font=&#8221;Oswald|300||on|||||&#8221; text_text_color=&#8221;#e31e25&#8243; text_font_size=&#8221;30px&#8221; text_orientation=&#8221;center&#8221; custom_padding=&#8221;11px||12px|&#8221; text_letter_spacing__hover_enabled=&#8221;on&#8221; text_letter_spacing__hover=&#8221;2px&#8221; text_text_color__hover_enabled=&#8221;on&#8221; text_text_color__hover=&#8221;#ffffff&#8221;]<\/p>\n<p><strong>Mobi e-<\/strong>k\u00f6nyv<strong><br \/> <\/strong><\/p>\n<p>[\/et_pb_text][et_pb_text _builder_version=&#8221;4.6.6&#8243; text_font=&#8221;Averia Libre||||||||&#8221; text_text_color=&#8221;#9e9e9e&#8221; text_font_size=&#8221;16px&#8221; text_line_height=&#8221;1.8em&#8221; text_orientation=&#8221;center&#8221;]<\/p>\n<p>ISBN 978-615-00-9148-8<\/p>\n<p>[\/et_pb_text][et_pb_divider color=&#8221;#e31e25&#8243; divider_weight=&#8221;3px&#8221; _builder_version=&#8221;3.19.3&#8243; module_alignment=&#8221;center&#8221; custom_padding=&#8221;43px||&#8221;][\/et_pb_divider][\/et_pb_column][\/et_pb_row][\/et_pb_section][et_pb_section fb_built=&#8221;1&#8243; _builder_version=&#8221;4.6.6&#8243; background_color=&#8221;#000000&#8243; use_background_color_gradient=&#8221;on&#8221; background_color_gradient_start=&#8221;rgba(28,28,28,0)&#8221; background_color_gradient_end=&#8221;#1c1c1c&#8221; background_color_gradient_end_position=&#8221;76%&#8221; background_color_gradient_overlays_image=&#8221;on&#8221; background_enable_image=&#8221;off&#8221; custom_padding=&#8221;18px||3px||false|false&#8221;][et_pb_row _builder_version=&#8221;4.6.6&#8243; _module_preset=&#8221;default&#8221; column_structure=&#8221;2_5,3_5&#8243;][et_pb_column type=&#8221;2_5&#8243; _builder_version=&#8221;4.6.6&#8243; _module_preset=&#8221;default&#8221;][et_pb_image src=&#8221;https:\/\/rolandritter.com\/wp-content\/uploads\/2020\/10\/GALERIA-04.jpg&#8221; alt=&#8221;f\u00fclsz\u00f6veg&#8221; title_text=&#8221;f\u00fclsz\u00f6veg&#8221; _builder_version=&#8221;4.6.6&#8243; _module_preset=&#8221;default&#8221; hover_enabled=&#8221;0&#8243; sticky_enabled=&#8221;0&#8243;][\/et_pb_image][\/et_pb_column][et_pb_column type=&#8221;3_5&#8243; _builder_version=&#8221;4.6.6&#8243; _module_preset=&#8221;default&#8221;][et_pb_text _builder_version=&#8221;4.6.6&#8243; _module_preset=&#8221;default&#8221; hover_enabled=&#8221;0&#8243; sticky_enabled=&#8221;0&#8243;]<\/p>\n<p>Ron Russel paleontol\u00f3gust egy k\u00fcl\u00f6nleges fossz\u00edli\u00e1hoz h\u00edvj\u00e1k. Lehetnek ezek egy dinoszauruszokb\u00f3l kifejl\u0151d\u00f6tt intelligens faj l\u00e1bnyomai? Ha \u00edgy van, megv\u00e1ltozhat mindaz, amit az emberis\u00e9g a m\u00faltj\u00e1r\u00f3l, a megtett \u00fatj\u00e1r\u00f3l \u00e9s \u00f6nn\u00f6n, megk\u00fcl\u00f6nb\u00f6ztetett szerep\u00e9r\u0151l gondolt. Ez a felfedez\u00e9s \u00e1t\u00edrja a m\u00faltat, felbolygatja a jelent \u00e9s k\u00e9ts\u00e9gess\u00e9 teszi a j\u00f6v\u0151t. Ahogy Ron bele\u00e1ssa mag\u00e1t a kutat\u00e1sba, egyre csak sorj\u00e1znak a bizony\u00edt\u00e9kok az \u00e1ltala kor\u00e1bban fel\u00e1ll\u00edtott <em>intelligens dinoszaurusz te\u00f3ria <\/em>al\u00e1t\u00e1maszt\u00e1s\u00e1ra.<\/p>\n<p>\u00c1m vannak, akiknek nem \u00e9rdeke az igazs\u00e1g. Most sem. Csak a rem\u00e9ny marad, hogy a t\u00f6rt\u00e9nelem nem ism\u00e9tli \u00f6nmag\u00e1t \u00e9s a sorsunk ir\u00e1ny\u00edt\u00e1sa a kez\u00fcnkben maradhat.<\/p>\n<p>K\u00e9t faj, k\u00e9t civiliz\u00e1ci\u00f3 \u00e1ll a t\u00f6rt\u00e9net k\u00f6z\u00e9ppontj\u00e1ban: akik valaha uralt\u00e1k \u00e9s akik jelenleg uralj\u00e1k a F\u00f6ldet. A t\u00e9rid\u0151 m\u00e9rhetetlen szakad\u00e9ka v\u00e1lasztja el \u0151ket egym\u00e1st\u00f3l. Soha nem tal\u00e1lkozhatnak.<\/p>\n<p>Vagy m\u00e9gis?<\/p>\n<p>&nbsp;<\/p>\n<p>\u201eKit nem villanyoz fel az ember el\u0151tti \u0151svil\u00e1g? A dinoszauruszok mindenkit leny\u0171g\u00f6znek, pedig elk\u00e9peszt\u0151en keveset tudunk r\u00f3lunk.\u00a0 \u00cdgy ak\u00e1r az is igaz lehet, amit az IDT \u00e1ll\u00edt: hogy a r\u00e9gm\u00faltban kialakult egy intelligens l\u00e9tforma; fejlett \u00e9rzelemvil\u00e1ggal \u00e9s eszk\u00f6zhaszn\u00e1lattal. A szerz\u0151 h\u00fas-v\u00e9r, esend\u0151 \u00e9s humoros h\u0151s\u00f6k\u00f6n kereszt\u00fcl mutatja be azon leletek \u00e9s term\u00e9szeti jelens\u00e9gek sor\u00e1t, melyekre a tudom\u00e1ny jelenleg nem k\u00e9pes megnyugtat\u00f3 magyar\u00e1zatot adni. A k\u00f6nyvben szerepl\u0151 alap\u00e1ll\u00edt\u00e1sok, adatok ugyanis igazak. Ez a hiteless\u00e9g teszi val\u00f3ban izgalmass\u00e1 a reg\u00e9nyt. Egyszerre k\u00f6vethetj\u00fck az Indiana Jones-mer\u00e9szs\u00e9g\u0171 tud\u00f3s nyomoz\u00e1s\u00e1t, valamint a Jurassic Parkb\u00f3l ismert faun\u00e1ban \u00e9s korban \u00e9l\u0151 intelligens dinoszauruszokat, \u00e9s izgulhatunk mindk\u00e9t faj vil\u00e1g\u00e1\u00e9rt: vajon mi lesz ebb\u0151l?\u201d<\/p>\n<p><strong>N\u00e1dasi Krisz \u00edr\u00f3, szerkeszt\u0151<\/strong><\/p>\n<p>[\/et_pb_text][\/et_pb_column][\/et_pb_row][\/et_pb_section][et_pb_section fb_built=&#8221;1&#8243; admin_label=&#8221;H\u00edvjon minket&#8221; _builder_version=&#8221;4.6.6&#8243; background_color=&#8221;#232323&#8243; background_image=&#8221;https:\/\/rolandritter.com\/wp-content\/uploads\/2020\/10\/htg_alul.jpg&#8221; custom_padding=&#8221;59px|0px|145px|0px|false|false&#8221; global_module=&#8221;469&#8243; saved_tabs=&#8221;all&#8221; collapsed=&#8221;off&#8221;][et_pb_row column_structure=&#8221;1_4,1_2,1_4&#8243; make_equal=&#8221;on&#8221; _builder_version=&#8221;3.25&#8243; background_size=&#8221;initial&#8221; background_position=&#8221;top_left&#8221; background_repeat=&#8221;repeat&#8221; max_width=&#8221;1280px&#8221; custom_margin=&#8221;-240px|||&#8221; custom_margin_tablet=&#8221;0px||&#8221; custom_margin_phone=&#8221;0px||&#8221; custom_margin_last_edited=&#8221;on|desktop&#8221; custom_padding=&#8221;|||&#8221; use_custom_width=&#8221;on&#8221; custom_width_px=&#8221;1280px&#8221;][et_pb_column type=&#8221;1_4&#8243; _builder_version=&#8221;3.25&#8243; custom_padding=&#8221;100px|5%|100px|5%&#8221; custom_padding__hover=&#8221;|||&#8221;][\/et_pb_column][et_pb_column type=&#8221;1_2&#8243; _builder_version=&#8221;3.25&#8243; background_color=&#8221;#333333&#8243; custom_padding=&#8221;100px|5%|100px|5%&#8221; custom_padding__hover=&#8221;|||&#8221;][et_pb_text _builder_version=&#8221;4.6.6&#8243; text_font=&#8221;Special Elite||||||||&#8221; text_text_color=&#8221;#e31e25&#8243; text_font_size=&#8221;50px&#8221; text_line_height=&#8221;1.3em&#8221; background_size=&#8221;initial&#8221; background_position=&#8221;top_left&#8221; background_repeat=&#8221;repeat&#8221; text_orientation=&#8221;center&#8221; max_width=&#8221;400px&#8221; module_alignment=&#8221;center&#8221; custom_padding=&#8221;||30px|&#8221; text_font_size_tablet=&#8221;&#8221; text_font_size_phone=&#8221;40px&#8221; text_font_size_last_edited=&#8221;on|desktop&#8221;]<\/p>\n<p>Kapcsolat<\/p>\n<p>[\/et_pb_text][et_pb_text _builder_version=&#8221;4.6.6&#8243; text_font=&#8221;Averia Libre|700|||||||&#8221; text_text_color=&#8221;#ffffff&#8221; text_font_size=&#8221;16px&#8221; text_letter_spacing=&#8221;1px&#8221; text_line_height=&#8221;1.8em&#8221; header_font=&#8221;Oswald|300||on|||||&#8221; header_text_color=&#8221;#e31e25&#8243; header_font_size=&#8221;20px&#8221; background_size=&#8221;initial&#8221; background_position=&#8221;top_left&#8221; background_repeat=&#8221;repeat&#8221; text_orientation=&#8221;center&#8221; module_alignment=&#8221;center&#8221; custom_margin=&#8221;|||&#8221; custom_padding=&#8221;17px||4px||false&#8221;]<\/p>\n<h1>C\u00edm\u00fcnk<\/h1>\n<p><span style=\"font-size: x-large;\"><strong>BatCave Publishing<\/strong><\/span><br \/>Plasztik Dzsungel Kft.<\/p>\n<p>7624 P\u00e9cs, Angster J\u00f3zsef u. 39\/B.<\/p>\n<p>[\/et_pb_text][et_pb_divider color=&#8221;rgba(255,255,255,0.1)&#8221; divider_weight=&#8221;2px&#8221; disabled_on=&#8221;on|on|off&#8221; _builder_version=&#8221;3.19.3&#8243; max_width=&#8221;400px&#8221; module_alignment=&#8221;center&#8221; height=&#8221;2px&#8221; custom_margin=&#8221;||0px|&#8221; custom_padding=&#8221;|||&#8221;][\/et_pb_divider][et_pb_text _builder_version=&#8221;3.27.4&#8243; text_font=&#8221;Averia Libre|700|||||||&#8221; text_text_color=&#8221;#ffffff&#8221; text_font_size=&#8221;16px&#8221; text_letter_spacing=&#8221;1px&#8221; text_line_height=&#8221;1.8em&#8221; header_font=&#8221;Oswald|300||on|||||&#8221; header_text_color=&#8221;#e31e25&#8243; header_font_size=&#8221;20px&#8221; background_size=&#8221;initial&#8221; background_position=&#8221;top_left&#8221; background_repeat=&#8221;repeat&#8221; text_orientation=&#8221;center&#8221; module_alignment=&#8221;center&#8221; custom_margin=&#8221;|||&#8221; custom_padding=&#8221;40px||4px||false&#8221; locked=&#8221;off&#8221;]<\/p>\n<h1>Telefonsz\u00e1m<\/h1>\n<p><span style=\"font-size: x-large;\">+36 00 000 0000<br \/><\/span><\/p>\n<p>[\/et_pb_text][et_pb_divider color=&#8221;rgba(255,255,255,0.1)&#8221; divider_weight=&#8221;2px&#8221; disabled_on=&#8221;on|on|off&#8221; _builder_version=&#8221;3.19.3&#8243; max_width=&#8221;400px&#8221; module_alignment=&#8221;center&#8221; height=&#8221;2px&#8221; custom_margin=&#8221;||0px|&#8221; custom_padding=&#8221;|||&#8221;][\/et_pb_divider][et_pb_text _builder_version=&#8221;4.6.6&#8243; text_font=&#8221;Averia Libre|700|||||||&#8221; text_text_color=&#8221;#ffffff&#8221; text_font_size=&#8221;16px&#8221; text_letter_spacing=&#8221;1px&#8221; text_line_height=&#8221;1.8em&#8221; header_font=&#8221;Oswald|300||on|||||&#8221; header_text_color=&#8221;#e31e25&#8243; header_font_size=&#8221;20px&#8221; background_size=&#8221;initial&#8221; background_position=&#8221;top_left&#8221; background_repeat=&#8221;repeat&#8221; text_orientation=&#8221;center&#8221; module_alignment=&#8221;center&#8221; custom_margin=&#8221;|||&#8221; custom_padding=&#8221;40px||4px||false&#8221; locked=&#8221;off&#8221;]<\/p>\n<h1>Email<\/h1>\n<p><span style=\"font-size: x-large;\"><span style=\"font-size: large;\">batcavepublishing@gmail.com<\/span><a href=\"mailto:batcavepublishing@gmail.com\"><\/a><\/span><\/p>\n<p>[\/et_pb_text][\/et_pb_column][et_pb_column type=&#8221;1_4&#8243; _builder_version=&#8221;3.25&#8243; custom_padding=&#8221;|||&#8221; custom_padding__hover=&#8221;|||&#8221;][\/et_pb_column][\/et_pb_row][\/et_pb_section]<\/p>\n","protected":false},"excerpt":{"rendered":"<p>IDT &#8211; Intelligens dinoszaurusz te\u00f3riaRendelhet\u0151 form\u00e1tumok Roland Ritter: IDT &#8211; Intelligens dinoszaurusz te\u00f3ria\u00a0Nyomtatott k\u00f6nyvISBN 978-615-00-9196-9Roland Ritter: IDT &#8211; Intelligens dinoszaurusz te\u00f3ria\u00a0ePUB e-k\u00f6nyv ISBN 978-615-00-9147-1\u00a0Roland Ritter: IDT &#8211; Intelligens dinoszaurusz te\u00f3ria\u00a0Mobi e-k\u00f6nyv ISBN 978-615-00-9148-8Ron Russel paleontol\u00f3gust egy k\u00fcl\u00f6nleges fossz\u00edli\u00e1hoz h\u00edvj\u00e1k. Lehetnek ezek egy dinoszauruszokb\u00f3l kifejl\u0151d\u00f6tt intelligens faj l\u00e1bnyomai? Ha \u00edgy van, megv\u00e1ltozhat mindaz, amit az emberis\u00e9g [&hellip;]<\/p>\n","protected":false},"author":1,"featured_media":0,"parent":0,"menu_order":0,"comment_status":"closed","ping_status":"closed","template":"","meta":{"_et_pb_use_builder":"on","_et_pb_old_content":"","_et_gb_content_width":""},"_links":{"self":[{"href":"https:\/\/rolandritter.com\/index.php?rest_route=\/wp\/v2\/pages\/489"}],"collection":[{"href":"https:\/\/rolandritter.com\/index.php?rest_route=\/wp\/v2\/pages"}],"about":[{"href":"https:\/\/rolandritter.com\/index.php?rest_route=\/wp\/v2\/types\/page"}],"author":[{"embeddable":true,"href":"https:\/\/rolandritter.com\/index.php?rest_route=\/wp\/v2\/users\/1"}],"replies":[{"embeddable":true,"href":"https:\/\/rolandritter.com\/index.php?rest_route=%2Fwp%2Fv2%2Fcomments&post=489"}],"version-history":[{"count":6,"href":"https:\/\/rolandritter.com\/index.php?rest_route=\/wp\/v2\/pages\/489\/revisions"}],"predecessor-version":[{"id":516,"href":"https:\/\/rolandritter.com\/index.php?rest_route=\/wp\/v2\/pages\/489\/revisions\/516"}],"wp:attachment":[{"href":"https:\/\/rolandritter.com\/index.php?rest_route=%2Fwp%2Fv2%2Fmedia&parent=489"}],"curies":[{"name":"wp","href":"https:\/\/api.w.org\/{rel}","templated":true}]}}