{"id":640,"date":"2020-11-01T08:08:33","date_gmt":"2020-11-01T08:08:33","guid":{"rendered":"http:\/\/rolandritter.com\/?post_type=product&#038;p=640"},"modified":"2020-11-16T04:23:06","modified_gmt":"2020-11-16T04:23:06","slug":"intelligens-dinoszaurusz-teoria","status":"publish","type":"product","link":"https:\/\/rolandritter.com\/?product=intelligens-dinoszaurusz-teoria","title":{"rendered":"IDT &#8211; Intelligens dinoszaurusz te\u00f3ria (ePub)"},"content":{"rendered":"<p>[et_pb_section fb_built=&#8221;1&#8243; _builder_version=&#8221;4.7.0&#8243; _module_preset=&#8221;default&#8221; background_color=&#8221;#000000&#8243; hover_enabled=&#8221;0&#8243; sticky_enabled=&#8221;0&#8243;][\/et_pb_section]<\/p>\n","protected":false},"excerpt":{"rendered":"<p>ePUB form\u00e1tum\u00fa e-k\u00f6nyv<\/p>\n","protected":false},"featured_media":544,"template":"","meta":{"_et_pb_use_builder":"on","_et_pb_old_content":"ePUB form\u00e1tum\u00fa e-k\u00f6nyv\r\n\r\n<strong>ePUB form\u00e1tum<\/strong>\r\nAz ePUB form\u00e1tumot kifejezetten a mobil eszk\u00f6z\u00f6k\u00f6n (okostelefon, t\u00e1blag\u00e9p, e-k\u00f6nyv olvas\u00f3) val\u00f3 olvas\u00e1shoz aj\u00e1nljuk. Az ePUB form\u00e1tum a tartalom m\u00e9ret\u00e9t k\u00e9pes torz\u00edt\u00e1sok n\u00e9lk\u00fcl a kijelz\u0151 m\u00e9ret\u00e9hez igaz\u00edtani.\r\n\r\nKiad\u00f3: BatCave Publishing\r\nISBN: 978-615-00-9147-1\r\nNyelv: magyar","_et_gb_content_width":""},"product_cat":[22],"product_tag":[],"_links":{"self":[{"href":"https:\/\/rolandritter.com\/index.php?rest_route=\/wp\/v2\/product\/640"}],"collection":[{"href":"https:\/\/rolandritter.com\/index.php?rest_route=\/wp\/v2\/product"}],"about":[{"href":"https:\/\/rolandritter.com\/index.php?rest_route=\/wp\/v2\/types\/product"}],"wp:featuredmedia":[{"embeddable":true,"href":"https:\/\/rolandritter.com\/index.php?rest_route=\/wp\/v2\/media\/544"}],"wp:attachment":[{"href":"https:\/\/rolandritter.com\/index.php?rest_route=%2Fwp%2Fv2%2Fmedia&parent=640"}],"wp:term":[{"taxonomy":"product_cat","embeddable":true,"href":"https:\/\/rolandritter.com\/index.php?rest_route=%2Fwp%2Fv2%2Fproduct_cat&post=640"},{"taxonomy":"product_tag","embeddable":true,"href":"https:\/\/rolandritter.com\/index.php?rest_route=%2Fwp%2Fv2%2Fproduct_tag&post=640"}],"curies":[{"name":"wp","href":"https:\/\/api.w.org\/{rel}","templated":true}]}}