{"id":877,"date":"2026-05-04T18:42:08","date_gmt":"2026-05-04T18:42:08","guid":{"rendered":"https:\/\/rolandritter.com\/?post_type=product&#038;p=877"},"modified":"2026-05-04T18:56:11","modified_gmt":"2026-05-04T18:56:11","slug":"idt-hutomagnes-6x6-cm","status":"publish","type":"product","link":"https:\/\/rolandritter.com\/?product=idt-hutomagnes-6x6-cm","title":{"rendered":"IDT &#8211; H\u0171t\u0151m\u00e1gnes 6&#215;6 cm"},"content":{"rendered":"<p>[et_pb_section fb_built=&#8221;1&#8243; _builder_version=&#8221;4.16&#8243; _module_preset=&#8221;default&#8221; background_color=&#8221;#000000&#8243; global_colors_info=&#8221;{}&#8221;][\/et_pb_section]<\/p>\n","protected":false},"excerpt":{"rendered":"<p>6&#215;6 cm<\/p>\n","protected":false},"featured_media":878,"template":"","meta":{"_et_pb_use_builder":"on","_et_pb_old_content":"<strong>6x6 cm-es H\u0171t\u0151m\u00e1gnes <\/strong>A k\u00e9szlet erej\u00e9ig.","_et_gb_content_width":""},"product_cat":[22],"product_tag":[],"_links":{"self":[{"href":"https:\/\/rolandritter.com\/index.php?rest_route=\/wp\/v2\/product\/877"}],"collection":[{"href":"https:\/\/rolandritter.com\/index.php?rest_route=\/wp\/v2\/product"}],"about":[{"href":"https:\/\/rolandritter.com\/index.php?rest_route=\/wp\/v2\/types\/product"}],"wp:featuredmedia":[{"embeddable":true,"href":"https:\/\/rolandritter.com\/index.php?rest_route=\/wp\/v2\/media\/878"}],"wp:attachment":[{"href":"https:\/\/rolandritter.com\/index.php?rest_route=%2Fwp%2Fv2%2Fmedia&parent=877"}],"wp:term":[{"taxonomy":"product_cat","embeddable":true,"href":"https:\/\/rolandritter.com\/index.php?rest_route=%2Fwp%2Fv2%2Fproduct_cat&post=877"},{"taxonomy":"product_tag","embeddable":true,"href":"https:\/\/rolandritter.com\/index.php?rest_route=%2Fwp%2Fv2%2Fproduct_tag&post=877"}],"curies":[{"name":"wp","href":"https:\/\/api.w.org\/{rel}","templated":true}]}}